{"id":24536,"date":"2023-10-11T10:48:47","date_gmt":"2023-10-11T07:48:47","guid":{"rendered":"https:\/\/ensiturva.fi\/?page_id=24536"},"modified":"2023-12-15T15:44:57","modified_gmt":"2023-12-15T12:44:57","slug":"diphoterine","status":"publish","type":"page","link":"https:\/\/ensiturva.fi\/index.php\/diphoterine\/","title":{"rendered":"Diphoterine"},"content":{"rendered":"<p>[et_pb_section fb_built=&#8221;1&#8243; admin_label=&#8221;Header&#8221; _builder_version=&#8221;4.23&#8243; _module_preset=&#8221;default&#8221; use_background_color_gradient=&#8221;on&#8221; background_color_gradient_stops=&#8221;#171f3a 0%|rgba(23,31,58,0.59) 100%&#8221; background_color_gradient_overlays_image=&#8221;on&#8221; background_image=&#8221;https:\/\/ensiturva.fi\/wp-content\/uploads\/2023\/10\/2-15bd16a0-ec5f-4fbd-b166-286b21836666-824&#215;512.jpg&#8221; collapsed=&#8221;on&#8221; global_colors_info=&#8221;{%22gcid-3cfc8c0c-5557-4a5d-9dab-24e78d615311%22:%91%22background_color%22,%22background_color%22,%22background_color%22%93}&#8221;][et_pb_row _builder_version=&#8221;4.22.0&#8243; _module_preset=&#8221;default&#8221; global_colors_info=&#8221;{}&#8221;][et_pb_column type=&#8221;4_4&#8243; _builder_version=&#8221;4.22.0&#8243; _module_preset=&#8221;default&#8221; global_colors_info=&#8221;{}&#8221;][et_pb_text _builder_version=&#8221;4.23&#8243; _module_preset=&#8221;52bb180b-545c-4969-8c18-b6e143aa3be3&#8243; background_layout=&#8221;dark&#8221; max_width=&#8221;800px&#8221; custom_margin=&#8221;||10px||false|false&#8221; global_colors_info=&#8221;{}&#8221;]<\/p>\n<h1>Diphoterine<\/h1>\n<p>[\/et_pb_text][et_pb_text _builder_version=&#8221;4.23.1&#8243; _module_preset=&#8221;76af796e-cd78-4e89-b761-66876aa8c7cd&#8221; background_layout=&#8221;dark&#8221; global_colors_info=&#8221;{}&#8221;]Kemikaalionnetomuuden j\u00e4lkeen pysyvien vammojen syntymiseen kuluu usein vain muutamia sekunteja. Diphoterine\u00ae toimii v\u00e4litt\u00f6m\u00e4sti ja est\u00e4\u00e4 vaurioiden syntymisen neutraloimalla kemikaalin ennen kuin se aiheuttaa pysyvi\u00e4 vahinkoja.[\/et_pb_text][et_pb_button button_url=&#8221;#tuotteet&#8221; button_text=&#8221;Tutustu tuoteryhm\u00e4\u00e4n&#8221; _builder_version=&#8221;4.23&#8243; _module_preset=&#8221;4a832ccf-a607-4918-87c9-a2f504738a35&#8243; button_bg_color=&#8221;#08C451&#8243; global_colors_info=&#8221;{}&#8221;][\/et_pb_button][\/et_pb_column][\/et_pb_row][\/et_pb_section][et_pb_section fb_built=&#8221;1&#8243; _builder_version=&#8221;4.22.2&#8243; _module_preset=&#8221;default&#8221; background_color=&#8221;gcid-3cfc8c0c-5557-4a5d-9dab-24e78d615311&#8243; background_enable_image=&#8221;off&#8221; background_size=&#8221;custom&#8221; background_image_width=&#8221;25%&#8221; background_position=&#8221;top_right&#8221; custom_padding=&#8221;0px||0px||false|false&#8221; global_colors_info=&#8221;{%22gcid-3cfc8c0c-5557-4a5d-9dab-24e78d615311%22:%91%22background_color%22%93}&#8221;][et_pb_row column_structure=&#8221;3_5,2_5&#8243; _builder_version=&#8221;4.22.2&#8243; _module_preset=&#8221;default&#8221; global_colors_info=&#8221;{}&#8221;][et_pb_column type=&#8221;3_5&#8243; _builder_version=&#8221;4.22.2&#8243; _module_preset=&#8221;default&#8221; global_colors_info=&#8221;{}&#8221;][et_pb_text _builder_version=&#8221;4.23&#8243; _module_preset=&#8221;default&#8221; header_font=&#8221;Abel|700|||||||&#8221; header_text_color=&#8221;#171F3A&#8221; header_font_size=&#8221;32px&#8221; header_2_font=&#8221;Abel|700|||||||&#8221; header_2_text_color=&#8221;#171F3A&#8221; header_2_font_size=&#8221;32px&#8221; header_3_font=&#8221;Abel|700|||||||&#8221; header_3_text_color=&#8221;#171F3A&#8221; header_3_font_size=&#8221;32px&#8221; header_4_font=&#8221;Abel|700|||||||&#8221; header_4_text_color=&#8221;#171F3A&#8221; header_4_font_size=&#8221;32px&#8221; header_5_font=&#8221;Abel|700|||||||&#8221; header_5_text_color=&#8221;#171F3A&#8221; header_5_font_size=&#8221;32px&#8221; header_6_font=&#8221;Abel|700|||||||&#8221; header_6_text_color=&#8221;#171F3A&#8221; header_6_font_size=&#8221;32px&#8221; global_colors_info=&#8221;{}&#8221;]<\/p>\n<h2>Ainutlaatuinen neutralisoiva huuhteluaine<\/h2>\n<p>[\/et_pb_text][et_pb_text _builder_version=&#8221;4.23.1&#8243; _module_preset=&#8221;default&#8221; text_font=&#8221;Poppins||||||||&#8221; text_font_size=&#8221;15px&#8221; global_colors_info=&#8221;{}&#8221;]<\/p>\n<p>Diphoterine\u00ae on ainutlaatuinen ensiapuun tarkoitettu huuhteluneste, joka neutraloi tehokkaasti ja nopeasti happoja, em\u00e4ksi\u00e4, liuottimia, pelkist\u00e4vi\u00e4, kelatoivia ja hapettavia aineita. Diphoterine\u00ae on testattu tehokkaaksi yli 1500 erilaista kemikaalia vastaan.<\/p>\n<p>Diphoterine\u00ae koostuu r\u00e4\u00e4t\u00e4l\u00f6idyst\u00e4 molekyylist\u00e4, joka neutraloi kemikaalit tehokkaasti. Sen amfoteeristen* ja hypertoonisten* ominaisuuksien ansiosta se on turvallinen k\u00e4ytt\u00e4\u00e4 kaikkien kemikaalien kanssa. Diphoterine est\u00e4\u00e4 haitallisen kemikaalin tunkeutumisen ja auttaa poistamaan jo tunkeutuneen kemikaalin kudoksesta.<\/p>\n<p>*Amfoteerinen: Diphoterine voi sitoa sek\u00e4 happoja ett\u00e4 em\u00e4ksi\u00e4.<br \/>*Hypertooninen: Diphoterine poistaa nestett\u00e4 ihmiskudoksista.<\/p>\n<p>Diphoterine\u00ae toimii seuraavasti:<\/p>\n<ol>\n<li>Mekaaninen huuhtelu<\/li>\n<li>Hypertooniset ominaisuudet<\/li>\n<li>Imeytys (kelaatio)<\/li>\n<\/ol>\n<p>Viime vuosina useat riippumattomat l\u00e4\u00e4ketieteelliset tutkimukset ovat osoittaneet, ett\u00e4 Diphoterinen aktiiviset ominaisuudet tekev\u00e4t siit\u00e4 eritt\u00e4in tehokkaan jopa 24 tuntia onnettomuuden j\u00e4lkeen.<\/p>\n<p><em>Fluorivetyhappoa (HF) vastaan katso <a href=\"https:\/\/ensiturva.fi\/index.php\/hexafluorine\/\" target=\"_blank\" rel=\"noopener\">Hexafluorine-tuotesarjamme.<\/a><\/em><\/p>\n<p>[\/et_pb_text][\/et_pb_column][et_pb_column type=&#8221;2_5&#8243; _builder_version=&#8221;4.22.2&#8243; _module_preset=&#8221;default&#8221; global_colors_info=&#8221;{}&#8221;][et_pb_blurb title=&#8221;Diphoterine&#8221; use_icon=&#8221;on&#8221; font_icon=&#8221;&#xf129;||fa||900&#8243; icon_color=&#8221;#171F3A&#8221; image_icon_width=&#8221;44px&#8221; module_class=&#8221;pa-bullet-list-1&#8243; _builder_version=&#8221;4.23.1&#8243; _module_preset=&#8221;default&#8221; header_level=&#8221;h2&#8243; header_font=&#8221;Abel|700|||||||&#8221; header_text_color=&#8221;#171F3A&#8221; header_font_size=&#8221;32px&#8221; body_font=&#8221;Poppins||||||||&#8221; body_font_size=&#8221;15px&#8221; custom_padding=&#8221;7px|20px||20px|false|true&#8221; border_radii=&#8221;on|8px|8px|8px|8px&#8221; border_width_all=&#8221;1px&#8221; border_color_all=&#8221;#171F3A&#8221; box_shadow_style=&#8221;preset1&#8243; global_colors_info=&#8221;{}&#8221;]<\/p>\n<ul>\n<li>Kemikaalionnettomuuksien hoitoon<\/li>\n<li>CE-merkitty l\u00e4\u00e4kinn\u00e4llinen laite<\/li>\n<li>T\u00e4ytt\u00e4\u00e4 vaatimukset kiinteiden silm\u00e4- ja h\u00e4t\u00e4suihkujen korvaajana EN 15154-3\/4 -standardin mukaisesti<\/li>\n<li>Tehokas yli 1500 erilaista kemikaalia vastaan. Katso t\u00e4ydellinen lista Diphoterinella\u00ae testatuista kemikaaleista<\/li>\n<li>Tuote on t\u00e4ysin <strong>fosfaatiton<\/strong><\/li>\n<li>Yht\u00e4 tehokas happoja vastaan kuin em\u00e4ksi\u00e4kin vastaan<\/li>\n<li>Voidaan k\u00e4ytt\u00e4\u00e4 silmiss\u00e4, iholla, suussa, korvissa ja avoimissa haavoissa<\/li>\n<li>Kertak\u00e4ytt\u00f6inen<\/li>\n<li>S\u00e4ilyvyysaika 2 vuotta valmistuksesta.<\/li>\n<\/ul>\n<p>[\/et_pb_blurb][\/et_pb_column][\/et_pb_row][\/et_pb_section][et_pb_section fb_built=&#8221;1&#8243; module_id=&#8221;tuotteet&#8221; _builder_version=&#8221;4.22.2&#8243; _module_preset=&#8221;default&#8221; background_color=&#8221;gcid-3cfc8c0c-5557-4a5d-9dab-24e78d615311&#8243; background_enable_image=&#8221;off&#8221; background_size=&#8221;custom&#8221; background_image_width=&#8221;25%&#8221; background_position=&#8221;top_right&#8221; global_colors_info=&#8221;{%22gcid-3cfc8c0c-5557-4a5d-9dab-24e78d615311%22:%91%22background_color%22%93}&#8221;][et_pb_row _builder_version=&#8221;4.22.2&#8243; _module_preset=&#8221;default&#8221; global_colors_info=&#8221;{}&#8221;][et_pb_column type=&#8221;4_4&#8243; _builder_version=&#8221;4.22.2&#8243; _module_preset=&#8221;default&#8221; global_colors_info=&#8221;{}&#8221;][et_pb_text _builder_version=&#8221;4.22.2&#8243; _module_preset=&#8221;default&#8221; header_font=&#8221;Abel|700|||||||&#8221; header_text_color=&#8221;#171F3A&#8221; header_font_size=&#8221;32px&#8221; header_2_font=&#8221;Abel|700|||||||&#8221; header_2_text_color=&#8221;#171F3A&#8221; header_2_font_size=&#8221;32px&#8221; header_3_font=&#8221;Abel|700|||||||&#8221; header_3_text_color=&#8221;#171F3A&#8221; header_3_font_size=&#8221;32px&#8221; header_4_font=&#8221;Abel|700|||||||&#8221; header_4_text_color=&#8221;#171F3A&#8221; header_4_font_size=&#8221;32px&#8221; header_5_font=&#8221;Abel|700|||||||&#8221; header_5_text_color=&#8221;#171F3A&#8221; header_5_font_size=&#8221;32px&#8221; header_6_font=&#8221;Abel|700|||||||&#8221; header_6_text_color=&#8221;#171F3A&#8221; header_6_font_size=&#8221;32px&#8221; global_colors_info=&#8221;{}&#8221;]<\/p>\n<h2>Diphoterine-tuotesarja<\/h2>\n<p>[\/et_pb_text][et_pb_shop type=&#8221;product_category&#8221; posts_number=&#8221;6&#8243; include_categories=&#8221;18&#8243; columns_number=&#8221;5&#8243; orderby=&#8221;date&#8221; sale_badge_color=&#8221;gcid-bfa7fe62-254b-41c2-9e7c-1655cf29ea48&#8243; icon_hover_color=&#8221;RGBA(255,255,255,0)&#8221; hover_overlay_color=&#8221;rgba(12,113,195,0.2)&#8221; _builder_version=&#8221;4.23.1&#8243; _module_preset=&#8221;default&#8221; rating_text_color=&#8221;gcid-bfa7fe62-254b-41c2-9e7c-1655cf29ea48&#8243; global_colors_info=&#8221;{%22gcid-bfa7fe62-254b-41c2-9e7c-1655cf29ea48%22:%91%22rating_text_color%22,%22sale_badge_color%22,%22rating_text_color%22,%22sale_badge_color%22,%22sale_badge_color%22,%22rating_text_color%22%93}&#8221;][\/et_pb_shop][\/et_pb_column][\/et_pb_row][\/et_pb_section][et_pb_section fb_built=&#8221;1&#8243; admin_label=&#8221;Video&#8221; _builder_version=&#8221;4.22.0&#8243; _module_preset=&#8221;default&#8221; background_color=&#8221;gcid-3cfc8c0c-5557-4a5d-9dab-24e78d615311&#8243; collapsed=&#8221;on&#8221; global_colors_info=&#8221;{%22gcid-3cfc8c0c-5557-4a5d-9dab-24e78d615311%22:%91%22background_color%22%93}&#8221;][et_pb_row _builder_version=&#8221;4.22.0&#8243; _module_preset=&#8221;default&#8221; global_colors_info=&#8221;{}&#8221;][et_pb_column type=&#8221;4_4&#8243; _builder_version=&#8221;4.22.0&#8243; _module_preset=&#8221;default&#8221; global_colors_info=&#8221;{}&#8221;][et_pb_video src=&#8221;https:\/\/youtu.be\/NN_Wrn2KniI?si=vwO96zUVUfDtle6d&#8221; _builder_version=&#8221;4.22.2&#8243; _module_preset=&#8221;default&#8221; border_radii=&#8221;on|10px|10px|10px|10px&#8221; box_shadow_style=&#8221;preset1&#8243; global_colors_info=&#8221;{}&#8221;][\/et_pb_video][\/et_pb_column][\/et_pb_row][\/et_pb_section]<\/p>\n","protected":false},"excerpt":{"rendered":"<p>DiphoterineKemikaalionnetomuuden j\u00e4lkeen pysyvien vammojen syntymiseen kuluu usein vain muutamia sekunteja. Diphoterine\u00ae toimii v\u00e4litt\u00f6m\u00e4sti ja est\u00e4\u00e4 vaurioiden syntymisen neutraloimalla kemikaalin ennen kuin se aiheuttaa pysyvi\u00e4 vahinkoja.Ainutlaatuinen neutralisoiva huuhteluaineDiphoterine\u00ae on ainutlaatuinen ensiapuun tarkoitettu huuhteluneste, joka neutraloi tehokkaasti ja nopeasti happoja, em\u00e4ksi\u00e4, liuottimia, pelkist\u00e4vi\u00e4, kelatoivia ja hapettavia aineita. Diphoterine\u00ae on testattu tehokkaaksi yli 1500 erilaista kemikaalia vastaan. Diphoterine\u00ae [&hellip;]<\/p>\n","protected":false},"author":1,"featured_media":0,"parent":0,"menu_order":0,"comment_status":"closed","ping_status":"closed","template":"","meta":{"_et_pb_use_builder":"on","_et_pb_old_content":"","_et_gb_content_width":"","footnotes":""},"class_list":["post-24536","page","type-page","status-publish","hentry"],"_links":{"self":[{"href":"https:\/\/ensiturva.fi\/index.php\/wp-json\/wp\/v2\/pages\/24536","targetHints":{"allow":["GET"]}}],"collection":[{"href":"https:\/\/ensiturva.fi\/index.php\/wp-json\/wp\/v2\/pages"}],"about":[{"href":"https:\/\/ensiturva.fi\/index.php\/wp-json\/wp\/v2\/types\/page"}],"author":[{"embeddable":true,"href":"https:\/\/ensiturva.fi\/index.php\/wp-json\/wp\/v2\/users\/1"}],"replies":[{"embeddable":true,"href":"https:\/\/ensiturva.fi\/index.php\/wp-json\/wp\/v2\/comments?post=24536"}],"version-history":[{"count":17,"href":"https:\/\/ensiturva.fi\/index.php\/wp-json\/wp\/v2\/pages\/24536\/revisions"}],"predecessor-version":[{"id":24848,"href":"https:\/\/ensiturva.fi\/index.php\/wp-json\/wp\/v2\/pages\/24536\/revisions\/24848"}],"wp:attachment":[{"href":"https:\/\/ensiturva.fi\/index.php\/wp-json\/wp\/v2\/media?parent=24536"}],"curies":[{"name":"wp","href":"https:\/\/api.w.org\/{rel}","templated":true}]}}