{"id":24569,"date":"2023-10-11T16:38:39","date_gmt":"2023-10-11T13:38:39","guid":{"rendered":"https:\/\/ensiturva.fi\/?page_id=24569"},"modified":"2023-12-21T11:58:25","modified_gmt":"2023-12-21T08:58:25","slug":"hexafluorine","status":"publish","type":"page","link":"https:\/\/ensiturva.fi\/index.php\/hexafluorine\/","title":{"rendered":"Hexafluorine"},"content":{"rendered":"<p>[et_pb_section fb_built=&#8221;1&#8243; admin_label=&#8221;Header&#8221; _builder_version=&#8221;4.23&#8243; _module_preset=&#8221;default&#8221; use_background_color_gradient=&#8221;on&#8221; background_color_gradient_stops=&#8221;#171f3a 0%|rgba(23,31,58,0.59) 100%&#8221; background_color_gradient_overlays_image=&#8221;on&#8221; background_image=&#8221;https:\/\/ensiturva.fi\/wp-content\/uploads\/2023\/10\/2-15bd16a0-ec5f-4fbd-b166-286b21836666-824&#215;512.jpg&#8221; collapsed=&#8221;on&#8221; global_colors_info=&#8221;{%22gcid-3cfc8c0c-5557-4a5d-9dab-24e78d615311%22:%91%22background_color%22,%22background_color%22%93}&#8221;][et_pb_row _builder_version=&#8221;4.22.0&#8243; _module_preset=&#8221;default&#8221; global_colors_info=&#8221;{}&#8221;][et_pb_column type=&#8221;4_4&#8243; _builder_version=&#8221;4.22.0&#8243; _module_preset=&#8221;default&#8221; global_colors_info=&#8221;{}&#8221;][et_pb_text _builder_version=&#8221;4.23&#8243; _module_preset=&#8221;52bb180b-545c-4969-8c18-b6e143aa3be3&#8243; header_text_color=&#8221;#FFFFFF&#8221; max_width=&#8221;800px&#8221; custom_margin=&#8221;||10px||false|false&#8221; global_colors_info=&#8221;{}&#8221;]<\/p>\n<h1>Hexafluorine<\/h1>\n<p>[\/et_pb_text][et_pb_text _builder_version=&#8221;4.23&#8243; _module_preset=&#8221;76af796e-cd78-4e89-b761-66876aa8c7cd&#8221; text_text_color=&#8221;#FFFFFF&#8221; header_text_color=&#8221;#FFFFFF&#8221; global_colors_info=&#8221;{}&#8221;]<\/p>\n<p><span>Hexafluorine \u00ae on ainutlaatuinen ensiapuhuuhteluaine, joka on erityisesti suunniteltu k\u00e4ytett\u00e4v\u00e4ksi fluori- tai fluori-idionia sis\u00e4lt\u00e4vi\u00e4 yhdisteit\u00e4 vastaan. Se on tehokas kaikkia happoja vastaan ja sill\u00e4 on ainutlaatuinen kyky neutraloida nopeasti myrkyllinen fluoridi-ioni<\/span><span>, joka voi aiheuttaa suurta vahinkoa kehoonp\u00e4\u00e4stess\u00e4\u00e4n imem\u00e4ll\u00e4 esimerkiksi kalsiumvarantoja.<\/span><\/p>\n<p>[\/et_pb_text][et_pb_button button_url=&#8221;#tuotteet&#8221; button_text=&#8221;Tutustu tuoteryhm\u00e4\u00e4n&#8221; _builder_version=&#8221;4.22.2&#8243; _module_preset=&#8221;4a832ccf-a607-4918-87c9-a2f504738a35&#8243; button_bg_color=&#8221;#08C451&#8243; global_colors_info=&#8221;{}&#8221;][\/et_pb_button][\/et_pb_column][\/et_pb_row][\/et_pb_section][et_pb_section fb_built=&#8221;1&#8243; _builder_version=&#8221;4.22.2&#8243; _module_preset=&#8221;default&#8221; background_color=&#8221;gcid-3cfc8c0c-5557-4a5d-9dab-24e78d615311&#8243; background_enable_image=&#8221;off&#8221; background_size=&#8221;custom&#8221; background_image_width=&#8221;25%&#8221; background_position=&#8221;top_right&#8221; custom_padding=&#8221;0px||0px||false|false&#8221; global_colors_info=&#8221;{%22gcid-3cfc8c0c-5557-4a5d-9dab-24e78d615311%22:%91%22background_color%22%93}&#8221;][et_pb_row column_structure=&#8221;3_5,2_5&#8243; _builder_version=&#8221;4.22.2&#8243; _module_preset=&#8221;default&#8221; global_colors_info=&#8221;{}&#8221;][et_pb_column type=&#8221;3_5&#8243; _builder_version=&#8221;4.22.2&#8243; _module_preset=&#8221;default&#8221; global_colors_info=&#8221;{}&#8221;][et_pb_text _builder_version=&#8221;4.22.2&#8243; _module_preset=&#8221;default&#8221; header_font=&#8221;Abel|700|||||||&#8221; header_text_color=&#8221;#171F3A&#8221; header_font_size=&#8221;32px&#8221; header_2_font=&#8221;Abel|700|||||||&#8221; header_2_text_color=&#8221;#171F3A&#8221; header_2_font_size=&#8221;32px&#8221; header_3_font=&#8221;Abel|700|||||||&#8221; header_3_text_color=&#8221;#171F3A&#8221; header_3_font_size=&#8221;32px&#8221; header_4_font=&#8221;Abel|700|||||||&#8221; header_4_text_color=&#8221;#171F3A&#8221; header_4_font_size=&#8221;32px&#8221; header_5_font=&#8221;Abel|700|||||||&#8221; header_5_text_color=&#8221;#171F3A&#8221; header_5_font_size=&#8221;32px&#8221; header_6_font=&#8221;Abel|700|||||||&#8221; header_6_text_color=&#8221;#171F3A&#8221; header_6_font_size=&#8221;32px&#8221; global_colors_info=&#8221;{}&#8221;]<\/p>\n<h2>Kaksinkertainen pelastaja<\/h2>\n<p>[\/et_pb_text][et_pb_text _builder_version=&#8221;4.23.1&#8243; _module_preset=&#8221;default&#8221; text_font=&#8221;Poppins||||||||&#8221; text_font_size=&#8221;15px&#8221; custom_padding=&#8221;||0px|||&#8221; hover_enabled=&#8221;0&#8243; global_colors_info=&#8221;{}&#8221; sticky_enabled=&#8221;0&#8243;]<\/p>\n<p>Hexafluorine\u00ae on ainutlaatuinen huuhteluneste, joka on suunniteltu k\u00e4ytett\u00e4v\u00e4ksi fluorivetyhapon ja sen johdannaisten neutraloimiseksi. Se toimii kaikkia happoja vastaan, mutta tekee my\u00f6s myrkyllisen fluoridi-ionin vaarattomaksi, mik\u00e4 voi aiheuttaa vakavia vammoja p\u00e4\u00e4stess\u00e4\u00e4n kehoon, jossa se mm. sitoo kalsiumia.<\/p>\n<p>Hexafluorinen\u00ae hypertonisen ominaisuuden johdosta estet\u00e4\u00e4n my\u00f6s haitallisen kemikaalin l\u00e4pip\u00e4\u00e4syn ja auttaa vet\u00e4m\u00e4ll\u00e4 ulos l\u00e4p\u00e4isty\u00e4 kemikaalia kudoksesta. Sen positiiviset vaikutukset ovat tieteellisesti ja k\u00e4yt\u00e4nn\u00f6llisesti todistettu Ruotsin ty\u00f6ymp\u00e4rist\u00f6viraston raportissa 2010:6.<\/p>\n<p>Jos huuhtelun alku viiv\u00e4styy, seuraavana askeleena suosittelemme k\u00e4ytt\u00e4m\u00e4\u00e4n kalsiumglukonaattigeeli\u00e4.<\/p>\n<p>[\/et_pb_text][et_pb_button button_url=&#8221;@ET-DC@eyJkeW5hbWljIjp0cnVlLCJjb250ZW50IjoicG9zdF9saW5rX3VybF9wYWdlIiwic2V0dGluZ3MiOnsicG9zdF9pZCI6IjI0NjU0In19@&#8221; button_text=&#8221;Lue kalsiumglukonaattigeelist\u00e4&#8221; _builder_version=&#8221;4.23.1&#8243; _dynamic_attributes=&#8221;button_url&#8221; _module_preset=&#8221;4a832ccf-a607-4918-87c9-a2f504738a35&#8243; button_bg_color=&#8221;#08C451&#8243; global_colors_info=&#8221;{}&#8221;][\/et_pb_button][\/et_pb_column][et_pb_column type=&#8221;2_5&#8243; _builder_version=&#8221;4.22.2&#8243; _module_preset=&#8221;default&#8221; global_colors_info=&#8221;{}&#8221;][et_pb_blurb title=&#8221;Hexafluorine&#8221; use_icon=&#8221;on&#8221; font_icon=&#8221;&#xf129;||fa||900&#8243; icon_color=&#8221;#171F3A&#8221; image_icon_width=&#8221;44px&#8221; module_class=&#8221;pa-bullet-list-1&#8243; _builder_version=&#8221;4.23&#8243; _module_preset=&#8221;default&#8221; header_level=&#8221;h2&#8243; header_font=&#8221;Abel|700|||||||&#8221; header_text_color=&#8221;#171F3A&#8221; header_font_size=&#8221;32px&#8221; body_font=&#8221;Poppins||||||||&#8221; body_font_size=&#8221;15px&#8221; custom_padding=&#8221;7px|20px||20px|false|true&#8221; border_radii=&#8221;on|8px|8px|8px|8px&#8221; border_width_all=&#8221;1px&#8221; border_color_all=&#8221;#171F3A&#8221; box_shadow_style=&#8221;preset1&#8243; global_colors_info=&#8221;{}&#8221;]<\/p>\n<ul>\n<li>K\u00e4ytet\u00e4\u00e4n kaikkia happoja ja erityisesti fluorivetyhappoja vastaan<\/li>\n<li>CE-merkitty l\u00e4\u00e4kinn\u00e4llinen laite.<\/li>\n<li>T\u00e4ytt\u00e4\u00e4 vaatimukset kiinteiden silm\u00e4- ja h\u00e4t\u00e4suihkujen korvaajana EN 15154-3\/4 mukaisesti.<\/li>\n<li>Neutraloi nopeasti sek\u00e4 sy\u00f6vytt\u00e4v\u00e4n hapon ett\u00e4 myrkyllisen fluoridi-ionin.<\/li>\n<li>Voidaan k\u00e4ytt\u00e4\u00e4 silmiin, iholle, suuhun, korvak\u00e4yt\u00e4v\u00e4\u00e4n ja avoimiin haavoihin.<\/li>\n<li>Kertak\u00e4ytt\u00f6inen.<\/li>\n<li>S\u00e4ilyvyysaika 2 vuotta valmistuksesta.<\/li>\n<\/ul>\n<p>[\/et_pb_blurb][\/et_pb_column][\/et_pb_row][\/et_pb_section][et_pb_section fb_built=&#8221;1&#8243; module_id=&#8221;tuotteet&#8221; _builder_version=&#8221;4.23&#8243; _module_preset=&#8221;default&#8221; background_color=&#8221;gcid-3cfc8c0c-5557-4a5d-9dab-24e78d615311&#8243; background_enable_image=&#8221;off&#8221; background_size=&#8221;custom&#8221; background_image_width=&#8221;25%&#8221; background_position=&#8221;top_right&#8221; custom_margin=&#8221;||-160px||false|false&#8221; custom_margin_tablet=&#8221;||-160px||false|false&#8221; custom_margin_phone=&#8221;||-160px||false|false&#8221; custom_margin_last_edited=&#8221;on|phone&#8221; global_colors_info=&#8221;{%22gcid-3cfc8c0c-5557-4a5d-9dab-24e78d615311%22:%91%22background_color%22%93}&#8221;][et_pb_row _builder_version=&#8221;4.22.2&#8243; _module_preset=&#8221;default&#8221; global_colors_info=&#8221;{}&#8221;][et_pb_column type=&#8221;4_4&#8243; _builder_version=&#8221;4.22.2&#8243; _module_preset=&#8221;default&#8221; global_colors_info=&#8221;{}&#8221;][et_pb_text _builder_version=&#8221;4.22.2&#8243; _module_preset=&#8221;default&#8221; header_font=&#8221;Abel|700|||||||&#8221; header_text_color=&#8221;#171F3A&#8221; header_font_size=&#8221;32px&#8221; header_2_font=&#8221;Abel|700|||||||&#8221; header_2_text_color=&#8221;#171F3A&#8221; header_2_font_size=&#8221;32px&#8221; header_3_font=&#8221;Abel|700|||||||&#8221; header_3_text_color=&#8221;#171F3A&#8221; header_3_font_size=&#8221;32px&#8221; header_4_font=&#8221;Abel|700|||||||&#8221; header_4_text_color=&#8221;#171F3A&#8221; header_4_font_size=&#8221;32px&#8221; header_5_font=&#8221;Abel|700|||||||&#8221; header_5_text_color=&#8221;#171F3A&#8221; header_5_font_size=&#8221;32px&#8221; header_6_font=&#8221;Abel|700|||||||&#8221; header_6_text_color=&#8221;#171F3A&#8221; header_6_font_size=&#8221;32px&#8221; global_colors_info=&#8221;{}&#8221;]<\/p>\n<h2>Hexafluorine-tuotesarja<\/h2>\n<p>[\/et_pb_text][et_pb_shop type=&#8221;product_category&#8221; posts_number=&#8221;5&#8243; include_categories=&#8221;22&#8243; columns_number=&#8221;5&#8243; sale_badge_color=&#8221;gcid-bfa7fe62-254b-41c2-9e7c-1655cf29ea48&#8243; icon_hover_color=&#8221;RGBA(255,255,255,0)&#8221; hover_overlay_color=&#8221;rgba(12,113,195,0.2)&#8221; _builder_version=&#8221;4.22.2&#8243; _module_preset=&#8221;default&#8221; rating_text_color=&#8221;gcid-bfa7fe62-254b-41c2-9e7c-1655cf29ea48&#8243; global_colors_info=&#8221;{%22gcid-bfa7fe62-254b-41c2-9e7c-1655cf29ea48%22:%91%22rating_text_color%22,%22sale_badge_color%22,%22rating_text_color%22,%22sale_badge_color%22,%22sale_badge_color%22,%22rating_text_color%22%93}&#8221;][\/et_pb_shop][\/et_pb_column][\/et_pb_row][\/et_pb_section][et_pb_section fb_built=&#8221;1&#8243; module_id=&#8221;tuotteet&#8221; _builder_version=&#8221;4.22.2&#8243; _module_preset=&#8221;default&#8221; background_color=&#8221;gcid-3cfc8c0c-5557-4a5d-9dab-24e78d615311&#8243; background_enable_image=&#8221;off&#8221; background_size=&#8221;custom&#8221; background_image_width=&#8221;25%&#8221; background_position=&#8221;top_right&#8221; global_colors_info=&#8221;{%22gcid-3cfc8c0c-5557-4a5d-9dab-24e78d615311%22:%91%22background_color%22%93}&#8221;][et_pb_row _builder_version=&#8221;4.22.2&#8243; _module_preset=&#8221;default&#8221; global_colors_info=&#8221;{}&#8221;][et_pb_column type=&#8221;4_4&#8243; _builder_version=&#8221;4.22.2&#8243; _module_preset=&#8221;default&#8221; global_colors_info=&#8221;{}&#8221;][et_pb_text _builder_version=&#8221;4.23&#8243; _module_preset=&#8221;default&#8221; header_font=&#8221;Abel|700|||||||&#8221; header_text_color=&#8221;#171F3A&#8221; header_font_size=&#8221;32px&#8221; header_2_font=&#8221;Abel|700|||||||&#8221; header_2_text_color=&#8221;#171F3A&#8221; header_2_font_size=&#8221;32px&#8221; header_3_font=&#8221;Abel|700|||||||&#8221; header_3_text_color=&#8221;#171F3A&#8221; header_3_font_size=&#8221;32px&#8221; header_4_font=&#8221;Abel|700|||||||&#8221; header_4_text_color=&#8221;#171F3A&#8221; header_4_font_size=&#8221;32px&#8221; header_5_font=&#8221;Abel|700|||||||&#8221; header_5_text_color=&#8221;#171F3A&#8221; header_5_font_size=&#8221;32px&#8221; header_6_font=&#8221;Abel|700|||||||&#8221; header_6_text_color=&#8221;#171F3A&#8221; header_6_font_size=&#8221;32px&#8221; global_colors_info=&#8221;{}&#8221;]<\/p>\n<h2>Kalsiumglukonaattigeeli<\/h2>\n<p>[\/et_pb_text][et_pb_text _builder_version=&#8221;4.23&#8243; _module_preset=&#8221;default&#8221; text_font=&#8221;Poppins||||||||&#8221; text_font_size=&#8221;15px&#8221; global_colors_info=&#8221;{}&#8221;]<\/p>\n<p>Kalsiumglukonaattigeeli on erinomainen lis\u00e4 Hexafluorine-hoidon lis\u00e4ksi. Kalsiumglukonaattigeeli\u00e4 tulisi olla mukana kaikilla, jotka joutuvat k\u00e4sitell\u00e4 fluorivetyhappoa tai heill\u00e4 on vaara altistua eritt\u00e4in vaaralliselle fluoridi-ionille.<\/p>\n<p>Fluoridi-ioni imee kehon omia kalsiumvarantoja aiheuttaen hengenvaarallisen tilan. Hexafluorine neutraloi ja tekee fluoridi-ionin vaarattomaksi, mutta kalsiumglukonaattigeeli\u00e4 on syyt\u00e4 hieroa vamma-alueelle kehon kalsiumvarantojen palauttamiseksi normaalille tasolle.\u00a0<\/p>\n<p>K\u00e4y tarkistuttamassa tilasi aina l\u00e4\u00e4k\u00e4riss\u00e4 ensiavun j\u00e4lkeen.<\/p>\n<p>[\/et_pb_text][et_pb_shop type=&#8221;product_category&#8221; posts_number=&#8221;5&#8243; include_categories=&#8221;31&#8243; columns_number=&#8221;5&#8243; sale_badge_color=&#8221;gcid-bfa7fe62-254b-41c2-9e7c-1655cf29ea48&#8243; icon_hover_color=&#8221;RGBA(255,255,255,0)&#8221; hover_overlay_color=&#8221;rgba(12,113,195,0.2)&#8221; _builder_version=&#8221;4.23&#8243; _module_preset=&#8221;default&#8221; rating_text_color=&#8221;gcid-bfa7fe62-254b-41c2-9e7c-1655cf29ea48&#8243; global_colors_info=&#8221;{%22gcid-bfa7fe62-254b-41c2-9e7c-1655cf29ea48%22:%91%22rating_text_color%22,%22sale_badge_color%22,%22rating_text_color%22,%22sale_badge_color%22,%22sale_badge_color%22,%22rating_text_color%22%93}&#8221;][\/et_pb_shop][\/et_pb_column][\/et_pb_row][\/et_pb_section]<\/p>\n","protected":false},"excerpt":{"rendered":"<p>HexafluorineHexafluorine \u00ae on ainutlaatuinen ensiapuhuuhteluaine, joka on erityisesti suunniteltu k\u00e4ytett\u00e4v\u00e4ksi fluori- tai fluori-idionia sis\u00e4lt\u00e4vi\u00e4 yhdisteit\u00e4 vastaan. Se on tehokas kaikkia happoja vastaan ja sill\u00e4 on ainutlaatuinen kyky neutraloida nopeasti myrkyllinen fluoridi-ioni, joka voi aiheuttaa suurta vahinkoa kehoonp\u00e4\u00e4stess\u00e4\u00e4n imem\u00e4ll\u00e4 esimerkiksi kalsiumvarantoja.Kaksinkertainen pelastajaHexafluorine\u00ae on ainutlaatuinen huuhteluneste, joka on suunniteltu k\u00e4ytett\u00e4v\u00e4ksi fluorivetyhapon ja sen johdannaisten neutraloimiseksi. Se toimii [&hellip;]<\/p>\n","protected":false},"author":1,"featured_media":0,"parent":0,"menu_order":0,"comment_status":"closed","ping_status":"closed","template":"","meta":{"_et_pb_use_builder":"on","_et_pb_old_content":"","_et_gb_content_width":"","footnotes":""},"class_list":["post-24569","page","type-page","status-publish","hentry"],"_links":{"self":[{"href":"https:\/\/ensiturva.fi\/index.php\/wp-json\/wp\/v2\/pages\/24569","targetHints":{"allow":["GET"]}}],"collection":[{"href":"https:\/\/ensiturva.fi\/index.php\/wp-json\/wp\/v2\/pages"}],"about":[{"href":"https:\/\/ensiturva.fi\/index.php\/wp-json\/wp\/v2\/types\/page"}],"author":[{"embeddable":true,"href":"https:\/\/ensiturva.fi\/index.php\/wp-json\/wp\/v2\/users\/1"}],"replies":[{"embeddable":true,"href":"https:\/\/ensiturva.fi\/index.php\/wp-json\/wp\/v2\/comments?post=24569"}],"version-history":[{"count":19,"href":"https:\/\/ensiturva.fi\/index.php\/wp-json\/wp\/v2\/pages\/24569\/revisions"}],"predecessor-version":[{"id":25005,"href":"https:\/\/ensiturva.fi\/index.php\/wp-json\/wp\/v2\/pages\/24569\/revisions\/25005"}],"wp:attachment":[{"href":"https:\/\/ensiturva.fi\/index.php\/wp-json\/wp\/v2\/media?parent=24569"}],"curies":[{"name":"wp","href":"https:\/\/api.w.org\/{rel}","templated":true}]}}