{"id":24637,"date":"2023-10-30T14:37:23","date_gmt":"2023-10-30T11:37:23","guid":{"rendered":"https:\/\/ensiturva.fi\/?page_id=24637"},"modified":"2023-10-30T14:54:43","modified_gmt":"2023-10-30T11:54:43","slug":"imeytysaineet","status":"publish","type":"page","link":"https:\/\/ensiturva.fi\/index.php\/imeytysaineet\/","title":{"rendered":"Imeytys- ja puhdistusaineet"},"content":{"rendered":"<p>[et_pb_section fb_built=&#8221;1&#8243; admin_label=&#8221;Header&#8221; _builder_version=&#8221;4.22.2&#8243; _module_preset=&#8221;default&#8221; background_color=&#8221;gcid-3cfc8c0c-5557-4a5d-9dab-24e78d615311&#8243; background_enable_image=&#8221;off&#8221; background_size=&#8221;custom&#8221; background_image_width=&#8221;25%&#8221; background_position=&#8221;top_right&#8221; collapsed=&#8221;on&#8221; global_colors_info=&#8221;{%22gcid-3cfc8c0c-5557-4a5d-9dab-24e78d615311%22:%91%22background_color%22%93}&#8221;][et_pb_row _builder_version=&#8221;4.22.0&#8243; _module_preset=&#8221;default&#8221; global_colors_info=&#8221;{}&#8221;][et_pb_column type=&#8221;4_4&#8243; _builder_version=&#8221;4.22.0&#8243; _module_preset=&#8221;default&#8221; global_colors_info=&#8221;{}&#8221;][et_pb_text _builder_version=&#8221;4.23&#8243; _module_preset=&#8221;52bb180b-545c-4969-8c18-b6e143aa3be3&#8243; header_font_size=&#8221;60px&#8221; max_width=&#8221;800px&#8221; custom_margin=&#8221;||10px||false|false&#8221; global_colors_info=&#8221;{}&#8221;]<\/p>\n<h1>Tehokkaat ja ymp\u00e4rist\u00f6yst\u00e4v\u00e4lliset imeytys- ja puhdistusaineet<\/h1>\n<p>[\/et_pb_text][et_pb_text _builder_version=&#8221;4.23&#8243; _module_preset=&#8221;76af796e-cd78-4e89-b761-66876aa8c7cd&#8221; global_colors_info=&#8221;{}&#8221;]<\/p>\n<p>Imeytys- ja puhdistusaineita k\u00e4ytet\u00e4\u00e4n kemiallisten, sy\u00f6vytt\u00e4vien, syttyvien ja ymp\u00e4rist\u00f6lle vaarallisten aineiden tapauksissa.<\/p>\n<p>Tuotteemme imeytt\u00e4v\u00e4t, neutralisoivat ja puhdistavat vaaralliset aineet tehokkaasti ja turvallisesti. pH-indikaattorien avulla tuotteemme ilmaisevat, milloin levinneen kemikaalin siivoaminen on turvallista.<\/p>\n<p>[\/et_pb_text][et_pb_button button_url=&#8221;#tuotteet&#8221; button_text=&#8221;Tutustu tuoteryhm\u00e4\u00e4n&#8221; _builder_version=&#8221;4.22.2&#8243; _module_preset=&#8221;4a832ccf-a607-4918-87c9-a2f504738a35&#8243; button_bg_color=&#8221;#08C451&#8243; global_colors_info=&#8221;{}&#8221;][\/et_pb_button][\/et_pb_column][\/et_pb_row][\/et_pb_section][et_pb_section fb_built=&#8221;1&#8243; _builder_version=&#8221;4.22.2&#8243; _module_preset=&#8221;default&#8221; background_color=&#8221;gcid-3cfc8c0c-5557-4a5d-9dab-24e78d615311&#8243; background_enable_image=&#8221;off&#8221; background_size=&#8221;custom&#8221; background_image_width=&#8221;25%&#8221; background_position=&#8221;top_right&#8221; custom_padding=&#8221;0px||0px||false|false&#8221; global_colors_info=&#8221;{%22gcid-3cfc8c0c-5557-4a5d-9dab-24e78d615311%22:%91%22background_color%22%93}&#8221;][et_pb_row _builder_version=&#8221;4.23&#8243; _module_preset=&#8221;default&#8221; hover_enabled=&#8221;0&#8243; global_colors_info=&#8221;{}&#8221; sticky_enabled=&#8221;0&#8243;][et_pb_column type=&#8221;4_4&#8243; _builder_version=&#8221;4.22.2&#8243; _module_preset=&#8221;default&#8221; global_colors_info=&#8221;{}&#8221;][et_pb_text _builder_version=&#8221;4.23&#8243; _module_preset=&#8221;default&#8221; header_font=&#8221;Abel|700|||||||&#8221; header_text_color=&#8221;#171F3A&#8221; header_font_size=&#8221;32px&#8221; header_2_font=&#8221;Abel|700|||||||&#8221; header_2_text_color=&#8221;#171F3A&#8221; header_2_font_size=&#8221;43px&#8221; header_3_font=&#8221;Abel|700|||||||&#8221; header_3_text_color=&#8221;#171F3A&#8221; header_3_font_size=&#8221;32px&#8221; header_4_font=&#8221;Abel|700|||||||&#8221; header_4_text_color=&#8221;#171F3A&#8221; header_4_font_size=&#8221;32px&#8221; header_5_font=&#8221;Abel|700|||||||&#8221; header_5_text_color=&#8221;#171F3A&#8221; header_5_font_size=&#8221;32px&#8221; header_6_font=&#8221;Abel|700|||||||&#8221; header_6_text_color=&#8221;#171F3A&#8221; header_6_font_size=&#8221;32px&#8221; hover_enabled=&#8221;0&#8243; global_colors_info=&#8221;{}&#8221; header_2_text_align=&#8221;center&#8221; sticky_enabled=&#8221;0&#8243;]<\/p>\n<h2>Imeytysaineet<\/h2>\n<p>[\/et_pb_text][\/et_pb_column][\/et_pb_row][et_pb_row column_structure=&#8221;3_5,2_5&#8243; _builder_version=&#8221;4.22.2&#8243; _module_preset=&#8221;default&#8221; global_colors_info=&#8221;{}&#8221;][et_pb_column type=&#8221;3_5&#8243; _builder_version=&#8221;4.22.2&#8243; _module_preset=&#8221;default&#8221; global_colors_info=&#8221;{}&#8221;][et_pb_text _builder_version=&#8221;4.23&#8243; _module_preset=&#8221;default&#8221; header_font=&#8221;Abel|700|||||||&#8221; header_text_color=&#8221;#171F3A&#8221; header_font_size=&#8221;32px&#8221; header_2_font=&#8221;Abel|700|||||||&#8221; header_2_text_color=&#8221;#171F3A&#8221; header_2_font_size=&#8221;32px&#8221; header_3_font=&#8221;Abel|700|||||||&#8221; header_3_text_color=&#8221;#171F3A&#8221; header_3_font_size=&#8221;32px&#8221; header_4_font=&#8221;Abel|700|||||||&#8221; header_4_text_color=&#8221;#171F3A&#8221; header_4_font_size=&#8221;32px&#8221; header_5_font=&#8221;Abel|700|||||||&#8221; header_5_text_color=&#8221;#171F3A&#8221; header_5_font_size=&#8221;32px&#8221; header_6_font=&#8221;Abel|700|||||||&#8221; header_6_text_color=&#8221;#171F3A&#8221; header_6_font_size=&#8221;32px&#8221; hover_enabled=&#8221;0&#8243; global_colors_info=&#8221;{}&#8221; sticky_enabled=&#8221;0&#8243;]<\/p>\n<h3>Trivorex \u00ae happoja ja em\u00e4ksi\u00e4 vastaan<\/h3>\n<h3>pH-indikaattorilla<\/h3>\n<p>[\/et_pb_text][et_pb_text _builder_version=&#8221;4.23&#8243; _module_preset=&#8221;default&#8221; text_font=&#8221;Poppins||||||||&#8221; text_font_size=&#8221;15px&#8221; global_colors_info=&#8221;{}&#8221;]<\/p>\n<p>Helpottaakseen neutralointia Trivorex \u00ae -tuotteessa on sis\u00e4\u00e4nrakennettu pH-indikaattori, mik\u00e4 tarkoittaa sit\u00e4, ett\u00e4 kun Trivorexia \u00ae k\u00e4ytet\u00e4\u00e4n, jauhe muuttaa v\u00e4ri\u00e4 kemikaalin pH:sta riippuen: punainen happamille ja sininen em\u00e4ksisille aineille. Kun vuoto on <strong>neutraloitu<\/strong>, jauhe muuttuu keltaiseksi\/vihre\u00e4ksi v\u00e4riksi.<\/p>\n<p>[\/et_pb_text][\/et_pb_column][et_pb_column type=&#8221;2_5&#8243; _builder_version=&#8221;4.22.2&#8243; _module_preset=&#8221;default&#8221; global_colors_info=&#8221;{}&#8221;][et_pb_image src=&#8221;https:\/\/ensiturva.fi\/wp-content\/uploads\/2023\/10\/Trivorex_800px-300&#215;275-1.jpg&#8221; title_text=&#8221;Trivorex_800px-300&#215;275&#8243; _builder_version=&#8221;4.23&#8243; _module_preset=&#8221;default&#8221; border_radii=&#8221;on|15px|15px|15px|15px&#8221; global_colors_info=&#8221;{}&#8221;][\/et_pb_image][\/et_pb_column][\/et_pb_row][et_pb_row column_structure=&#8221;3_5,2_5&#8243; _builder_version=&#8221;4.22.2&#8243; _module_preset=&#8221;default&#8221; global_colors_info=&#8221;{}&#8221;][et_pb_column type=&#8221;3_5&#8243; _builder_version=&#8221;4.22.2&#8243; _module_preset=&#8221;default&#8221; global_colors_info=&#8221;{}&#8221;][et_pb_text _builder_version=&#8221;4.23&#8243; _module_preset=&#8221;default&#8221; header_font=&#8221;Abel|700|||||||&#8221; header_text_color=&#8221;#171F3A&#8221; header_font_size=&#8221;32px&#8221; header_2_font=&#8221;Abel|700|||||||&#8221; header_2_text_color=&#8221;#171F3A&#8221; header_2_font_size=&#8221;32px&#8221; header_3_font=&#8221;Abel|700|||||||&#8221; header_3_text_color=&#8221;#171F3A&#8221; header_3_font_size=&#8221;32px&#8221; header_4_font=&#8221;Abel|700|||||||&#8221; header_4_text_color=&#8221;#171F3A&#8221; header_4_font_size=&#8221;32px&#8221; header_5_font=&#8221;Abel|700|||||||&#8221; header_5_text_color=&#8221;#171F3A&#8221; header_5_font_size=&#8221;32px&#8221; header_6_font=&#8221;Abel|700|||||||&#8221; header_6_text_color=&#8221;#171F3A&#8221; header_6_font_size=&#8221;32px&#8221; hover_enabled=&#8221;0&#8243; global_colors_info=&#8221;{}&#8221; sticky_enabled=&#8221;0&#8243;]<\/p>\n<h3>Basicaptal \u00ae em\u00e4ksi\u00e4 vastaan<\/h3>\n<h3>pH-indikaattorilla<\/h3>\n<p>[\/et_pb_text][et_pb_text _builder_version=&#8221;4.23&#8243; _module_preset=&#8221;default&#8221; text_font=&#8221;Poppins||||||||&#8221; text_font_size=&#8221;15px&#8221; hover_enabled=&#8221;0&#8243; global_colors_info=&#8221;{}&#8221; sticky_enabled=&#8221;0&#8243;]<\/p>\n<p>Basicaptal neutraloi peruskemikaalit niiden em\u00e4ksisyydest\u00e4 riippumatta. pH-indikaattorin avulla tuote osoittaa v\u00e4rill\u00e4 vuodon laadun.<\/p>\n<p>Tuote ei aiheuta haittaa ihmisille tai ymp\u00e4rist\u00f6lle (\u00e4rsytt\u00e4m\u00e4t\u00f6n, myrkyt\u00f6n, neutraali pH-arvo).<\/p>\n<p>[\/et_pb_text][\/et_pb_column][et_pb_column type=&#8221;2_5&#8243; _builder_version=&#8221;4.22.2&#8243; _module_preset=&#8221;default&#8221; global_colors_info=&#8221;{}&#8221;][et_pb_image src=&#8221;https:\/\/ensiturva.fi\/wp-content\/uploads\/2023\/10\/Basicaptal_9kg_1024px-300&#215;300-1.jpg&#8221; title_text=&#8221;Basicaptal_9kg_1024px-300&#215;300&#8243; _builder_version=&#8221;4.23&#8243; _module_preset=&#8221;default&#8221; hover_enabled=&#8221;0&#8243; border_radii=&#8221;on|15px|15px|15px|15px&#8221; global_colors_info=&#8221;{}&#8221; sticky_enabled=&#8221;0&#8243;][\/et_pb_image][\/et_pb_column][\/et_pb_row][et_pb_row column_structure=&#8221;3_5,2_5&#8243; _builder_version=&#8221;4.22.2&#8243; _module_preset=&#8221;default&#8221; global_colors_info=&#8221;{}&#8221;][et_pb_column type=&#8221;3_5&#8243; _builder_version=&#8221;4.22.2&#8243; _module_preset=&#8221;default&#8221; global_colors_info=&#8221;{}&#8221;][et_pb_text _builder_version=&#8221;4.23&#8243; _module_preset=&#8221;default&#8221; header_font=&#8221;Abel|700|||||||&#8221; header_text_color=&#8221;#171F3A&#8221; header_font_size=&#8221;32px&#8221; header_2_font=&#8221;Abel|700|||||||&#8221; header_2_text_color=&#8221;#171F3A&#8221; header_2_font_size=&#8221;32px&#8221; header_3_font=&#8221;Abel|700|||||||&#8221; header_3_text_color=&#8221;#171F3A&#8221; header_3_font_size=&#8221;32px&#8221; header_4_font=&#8221;Abel|700|||||||&#8221; header_4_text_color=&#8221;#171F3A&#8221; header_4_font_size=&#8221;32px&#8221; header_5_font=&#8221;Abel|700|||||||&#8221; header_5_text_color=&#8221;#171F3A&#8221; header_5_font_size=&#8221;32px&#8221; header_6_font=&#8221;Abel|700|||||||&#8221; header_6_text_color=&#8221;#171F3A&#8221; header_6_font_size=&#8221;32px&#8221; hover_enabled=&#8221;0&#8243; global_colors_info=&#8221;{}&#8221; sticky_enabled=&#8221;0&#8243;]<\/p>\n<h3>Acicaptal \u00ae happoja vastaan<\/h3>\n<h3>pH-indikaattorilla<\/h3>\n<p>[\/et_pb_text][et_pb_text _builder_version=&#8221;4.23&#8243; _module_preset=&#8221;default&#8221; text_font=&#8221;Poppins||||||||&#8221; text_font_size=&#8221;15px&#8221; hover_enabled=&#8221;0&#8243; global_colors_info=&#8221;{}&#8221; sticky_enabled=&#8221;0&#8243;]Acicaptal neutraloi hapot tehokkaasti niiden happamuudesta riippumatta. pH-indikaattorin avulla tuote osoittaa v\u00e4rill\u00e4 vuodon laadun.<\/p>\n<p>Tuote ei aiheuta haittaa ihmisille tai ymp\u00e4rist\u00f6lle (\u00e4rsytt\u00e4m\u00e4t\u00f6n, myrkyt\u00f6n, neutraali pH-arvo).[\/et_pb_text][\/et_pb_column][et_pb_column type=&#8221;2_5&#8243; _builder_version=&#8221;4.22.2&#8243; _module_preset=&#8221;default&#8221; global_colors_info=&#8221;{}&#8221;][et_pb_image src=&#8221;https:\/\/ensiturva.fi\/wp-content\/uploads\/2023\/10\/Acicaptal_9kg_1024px-300&#215;300-1.jpg&#8221; title_text=&#8221;Acicaptal_9kg_1024px-300&#215;300&#8243; _builder_version=&#8221;4.23&#8243; _module_preset=&#8221;default&#8221; hover_enabled=&#8221;0&#8243; border_radii=&#8221;on|15px|15px|15px|15px&#8221; global_colors_info=&#8221;{}&#8221; sticky_enabled=&#8221;0&#8243;][\/et_pb_image][\/et_pb_column][\/et_pb_row][et_pb_row column_structure=&#8221;3_5,2_5&#8243; _builder_version=&#8221;4.22.2&#8243; _module_preset=&#8221;default&#8221; global_colors_info=&#8221;{}&#8221;][et_pb_column type=&#8221;3_5&#8243; _builder_version=&#8221;4.22.2&#8243; _module_preset=&#8221;default&#8221; global_colors_info=&#8221;{}&#8221;][et_pb_text _builder_version=&#8221;4.23&#8243; _module_preset=&#8221;default&#8221; header_font=&#8221;Abel|700|||||||&#8221; header_text_color=&#8221;#171F3A&#8221; header_font_size=&#8221;32px&#8221; header_2_font=&#8221;Abel|700|||||||&#8221; header_2_text_color=&#8221;#171F3A&#8221; header_2_font_size=&#8221;32px&#8221; header_3_font=&#8221;Abel|700|||||||&#8221; header_3_text_color=&#8221;#171F3A&#8221; header_3_font_size=&#8221;32px&#8221; header_4_font=&#8221;Abel|700|||||||&#8221; header_4_text_color=&#8221;#171F3A&#8221; header_4_font_size=&#8221;32px&#8221; header_5_font=&#8221;Abel|700|||||||&#8221; header_5_text_color=&#8221;#171F3A&#8221; header_5_font_size=&#8221;32px&#8221; header_6_font=&#8221;Abel|700|||||||&#8221; header_6_text_color=&#8221;#171F3A&#8221; header_6_font_size=&#8221;32px&#8221; global_colors_info=&#8221;{}&#8221;]<\/p>\n<h2>Polycaptor \u00ae &#8211; poistaa liukkauden<\/h2>\n<h2>(esimerkiksi \u00f6ljyn j\u00e4ljilt\u00e4)<\/h2>\n<p>[\/et_pb_text][et_pb_text _builder_version=&#8221;4.23&#8243; _module_preset=&#8221;default&#8221; text_font=&#8221;Poppins||||||||&#8221; text_font_size=&#8221;15px&#8221; global_colors_info=&#8221;{}&#8221;]<\/p>\n<p>Koska liukastumisonnettomuudet ovat teollisuudessa yleisimpi\u00e4, meill\u00e4 on imeytysaine, joka on erityisen tehokas \u00f6ljyille, maaleille, polymeereille, pinta-aktiivisille aineille ja karkeille tuotteille. N\u00e4m\u00e4 aineet ovat yhteisi\u00e4 siin\u00e4, ett\u00e4 ne aiheuttavat liukkaan lattian ja ovat vaikeasti imeytyvi\u00e4. <strong>Polycaptor \u00ae -tuotteen k\u00e4yt\u00f6n j\u00e4lkeen alusta on kuiva ja pit\u00e4v\u00e4 verrattuna muihin markkinoilla oleviin tuotteisiin<\/strong>, jotka j\u00e4tt\u00e4v\u00e4t rasvaisen ja liukkaan pinnan. Vuodon sattuessa ei koskaan tarvitse ep\u00e4r\u00f6id\u00e4, onko Polycaptor\u00ae oikea valinta.<\/p>\n<p>[\/et_pb_text][\/et_pb_column][et_pb_column type=&#8221;2_5&#8243; _builder_version=&#8221;4.22.2&#8243; _module_preset=&#8221;default&#8221; global_colors_info=&#8221;{}&#8221;][et_pb_image src=&#8221;https:\/\/ensiturva.fi\/wp-content\/uploads\/2023\/10\/Polycaptor_1024px-300&#215;300-1.jpg&#8221; title_text=&#8221;Polycaptor_1024px-300&#215;300&#8243; _builder_version=&#8221;4.23&#8243; _module_preset=&#8221;default&#8221; border_radii=&#8221;on|15px|15px|15px|15px&#8221; global_colors_info=&#8221;{}&#8221;][\/et_pb_image][\/et_pb_column][\/et_pb_row][et_pb_row _builder_version=&#8221;4.23&#8243; _module_preset=&#8221;default&#8221; hover_enabled=&#8221;0&#8243; global_colors_info=&#8221;{}&#8221; sticky_enabled=&#8221;0&#8243;][et_pb_column type=&#8221;4_4&#8243; _builder_version=&#8221;4.22.2&#8243; _module_preset=&#8221;default&#8221; global_colors_info=&#8221;{}&#8221;][et_pb_text _builder_version=&#8221;4.23&#8243; _module_preset=&#8221;default&#8221; header_font=&#8221;Abel|700|||||||&#8221; header_text_color=&#8221;#171F3A&#8221; header_font_size=&#8221;32px&#8221; header_2_font=&#8221;Abel|700|||||||&#8221; header_2_text_color=&#8221;#171F3A&#8221; header_2_font_size=&#8221;43px&#8221; header_3_font=&#8221;Abel|700|||||||&#8221; header_3_text_color=&#8221;#171F3A&#8221; header_3_font_size=&#8221;32px&#8221; header_4_font=&#8221;Abel|700|||||||&#8221; header_4_text_color=&#8221;#171F3A&#8221; header_4_font_size=&#8221;32px&#8221; header_5_font=&#8221;Abel|700|||||||&#8221; header_5_text_color=&#8221;#171F3A&#8221; header_5_font_size=&#8221;32px&#8221; header_6_font=&#8221;Abel|700|||||||&#8221; header_6_text_color=&#8221;#171F3A&#8221; header_6_font_size=&#8221;32px&#8221; hover_enabled=&#8221;0&#8243; global_colors_info=&#8221;{}&#8221; header_2_text_align=&#8221;center&#8221; sticky_enabled=&#8221;0&#8243;]<\/p>\n<h2>Puhdistusaineet<\/h2>\n<p>[\/et_pb_text][\/et_pb_column][\/et_pb_row][et_pb_row column_structure=&#8221;3_5,2_5&#8243; _builder_version=&#8221;4.22.2&#8243; _module_preset=&#8221;default&#8221; global_colors_info=&#8221;{}&#8221;][et_pb_column type=&#8221;3_5&#8243; _builder_version=&#8221;4.22.2&#8243; _module_preset=&#8221;default&#8221; global_colors_info=&#8221;{}&#8221;][et_pb_text _builder_version=&#8221;4.23&#8243; _module_preset=&#8221;default&#8221; header_font=&#8221;Abel|700|||||||&#8221; header_text_color=&#8221;#171F3A&#8221; header_font_size=&#8221;32px&#8221; header_2_font=&#8221;Abel|700|||||||&#8221; header_2_text_color=&#8221;#171F3A&#8221; header_2_font_size=&#8221;32px&#8221; header_3_font=&#8221;Abel|700|||||||&#8221; header_3_text_color=&#8221;#171F3A&#8221; header_3_font_size=&#8221;32px&#8221; header_4_font=&#8221;Abel|700|||||||&#8221; header_4_text_color=&#8221;#171F3A&#8221; header_4_font_size=&#8221;32px&#8221; header_5_font=&#8221;Abel|700|||||||&#8221; header_5_text_color=&#8221;#171F3A&#8221; header_5_font_size=&#8221;32px&#8221; header_6_font=&#8221;Abel|700|||||||&#8221; header_6_text_color=&#8221;#171F3A&#8221; header_6_font_size=&#8221;32px&#8221; global_colors_info=&#8221;{}&#8221;]<\/p>\n<h2>Safurex \u00ae &#8211; neutraloiva puhdistusaine<\/h2>\n<h2>pH-indikaattorilla<\/h2>\n<p>[\/et_pb_text][et_pb_text _builder_version=&#8221;4.23&#8243; _module_preset=&#8221;default&#8221; text_font=&#8221;Poppins||||||||&#8221; text_font_size=&#8221;15px&#8221; global_colors_info=&#8221;{}&#8221;]<\/p>\n<p>pH-indikaattorilla varustettu neutraloiva puhdistusaine kaikenlaisille yleisille kemiallisille vuodoille. K\u00e4ytet\u00e4\u00e4n aggressiivisten kemikaalien puhdistamiseen lattioilla, seinill\u00e4, laitteistoilla ja suojavarusteilla. Useat pelastusviranomaiset eri puolilla Eurooppaa k\u00e4ytt\u00e4v\u00e4t sit\u00e4 kemikaalisuojapukujen puhdistamiseen saastumisen j\u00e4lkeen.<\/p>\n<p>Safurex \u00ae toimii hyvin Trivorex \u00ae -tuotteen kanssa.<\/p>\n<p>Safurex \u00ae vaaraton ihmiselle ja ymp\u00e4rist\u00f6lle.<\/p>\n<p>[\/et_pb_text][\/et_pb_column][et_pb_column type=&#8221;2_5&#8243; _builder_version=&#8221;4.22.2&#8243; _module_preset=&#8221;default&#8221; global_colors_info=&#8221;{}&#8221;][et_pb_image src=&#8221;https:\/\/ensiturva.fi\/wp-content\/uploads\/2023\/10\/safurex-dunk-10-L_Webbutik-1024-300&#215;300-1.jpg&#8221; title_text=&#8221;safurex-dunk-10-L_Webbutik-1024-300&#215;300&#8243; _builder_version=&#8221;4.23&#8243; _module_preset=&#8221;default&#8221; border_radii=&#8221;on|15px|15px|15px|15px&#8221; global_colors_info=&#8221;{}&#8221;][\/et_pb_image][\/et_pb_column][\/et_pb_row][et_pb_row _builder_version=&#8221;4.23&#8243; _module_preset=&#8221;default&#8221; global_colors_info=&#8221;{}&#8221;][et_pb_column type=&#8221;4_4&#8243; _builder_version=&#8221;4.23&#8243; _module_preset=&#8221;default&#8221; global_colors_info=&#8221;{}&#8221;][et_pb_text _builder_version=&#8221;4.23&#8243; _module_preset=&#8221;default&#8221; text_font=&#8221;Poppins||||||||&#8221; global_colors_info=&#8221;{}&#8221;]<\/p>\n<p><em>Tuotteiden pH-indikaattori ilmoittaa, milloin kemikaali on neutraloitu vaarattomaksi (esim. muuttamalla v\u00e4ri\u00e4). Lue aina tuotekohtainen k\u00e4ytt\u00f6ohje ja tuoteseloste. Neutraloitu aine. tulee aina k\u00e4sitell\u00e4 vaarallisena j\u00e4tteen\u00e4<\/em><\/p>\n<p>[\/et_pb_text][\/et_pb_column][\/et_pb_row][\/et_pb_section][et_pb_section fb_built=&#8221;1&#8243; module_id=&#8221;tuotteet&#8221; _builder_version=&#8221;4.23&#8243; _module_preset=&#8221;default&#8221; background_color=&#8221;gcid-3cfc8c0c-5557-4a5d-9dab-24e78d615311&#8243; background_enable_image=&#8221;off&#8221; background_size=&#8221;custom&#8221; background_image_width=&#8221;25%&#8221; background_position=&#8221;top_right&#8221; custom_margin=&#8221;||-40px||false|false&#8221; custom_margin_tablet=&#8221;||-160px||false|false&#8221; custom_margin_phone=&#8221;||-160px||false|false&#8221; custom_margin_last_edited=&#8221;on|phone&#8221; global_colors_info=&#8221;{%22gcid-3cfc8c0c-5557-4a5d-9dab-24e78d615311%22:%91%22background_color%22%93}&#8221;][et_pb_row _builder_version=&#8221;4.22.2&#8243; _module_preset=&#8221;default&#8221; global_colors_info=&#8221;{}&#8221;][et_pb_column type=&#8221;4_4&#8243; _builder_version=&#8221;4.22.2&#8243; _module_preset=&#8221;default&#8221; global_colors_info=&#8221;{}&#8221;][et_pb_text _builder_version=&#8221;4.23&#8243; _module_preset=&#8221;default&#8221; header_font=&#8221;Abel|700|||||||&#8221; header_text_color=&#8221;#171F3A&#8221; header_font_size=&#8221;32px&#8221; header_2_font=&#8221;Abel|700|||||||&#8221; header_2_text_color=&#8221;#171F3A&#8221; header_2_font_size=&#8221;32px&#8221; header_3_font=&#8221;Abel|700|||||||&#8221; header_3_text_color=&#8221;#171F3A&#8221; header_3_font_size=&#8221;32px&#8221; header_4_font=&#8221;Abel|700|||||||&#8221; header_4_text_color=&#8221;#171F3A&#8221; header_4_font_size=&#8221;32px&#8221; header_5_font=&#8221;Abel|700|||||||&#8221; header_5_text_color=&#8221;#171F3A&#8221; header_5_font_size=&#8221;32px&#8221; header_6_font=&#8221;Abel|700|||||||&#8221; header_6_text_color=&#8221;#171F3A&#8221; header_6_font_size=&#8221;32px&#8221; hover_enabled=&#8221;0&#8243; global_colors_info=&#8221;{}&#8221; sticky_enabled=&#8221;0&#8243;]<\/p>\n<h2>Imeytys- ja puhdistusaineet<\/h2>\n<p>[\/et_pb_text][et_pb_shop type=&#8221;product_category&#8221; posts_number=&#8221;5&#8243; include_categories=&#8221;32&#8243; columns_number=&#8221;5&#8243; sale_badge_color=&#8221;gcid-bfa7fe62-254b-41c2-9e7c-1655cf29ea48&#8243; icon_hover_color=&#8221;RGBA(255,255,255,0)&#8221; hover_overlay_color=&#8221;rgba(12,113,195,0.2)&#8221; _builder_version=&#8221;4.23&#8243; _module_preset=&#8221;default&#8221; rating_text_color=&#8221;gcid-bfa7fe62-254b-41c2-9e7c-1655cf29ea48&#8243; global_colors_info=&#8221;{%22gcid-bfa7fe62-254b-41c2-9e7c-1655cf29ea48%22:%91%22rating_text_color%22,%22sale_badge_color%22,%22rating_text_color%22,%22sale_badge_color%22,%22sale_badge_color%22,%22rating_text_color%22%93}&#8221;][\/et_pb_shop][\/et_pb_column][\/et_pb_row][\/et_pb_section]<\/p>\n","protected":false},"excerpt":{"rendered":"<p>Tehokkaat ja ymp\u00e4rist\u00f6yst\u00e4v\u00e4lliset imeytys- ja puhdistusaineetImeytys- ja puhdistusaineita k\u00e4ytet\u00e4\u00e4n kemiallisten, sy\u00f6vytt\u00e4vien, syttyvien ja ymp\u00e4rist\u00f6lle vaarallisten aineiden tapauksissa. Tuotteemme imeytt\u00e4v\u00e4t, neutralisoivat ja puhdistavat vaaralliset aineet tehokkaasti ja turvallisesti. pH-indikaattorien avulla tuotteemme ilmaisevat, milloin levinneen kemikaalin siivoaminen on turvallista.ImeytysaineetTrivorex \u00ae happoja ja em\u00e4ksi\u00e4 vastaan pH-indikaattorillaHelpottaakseen neutralointia Trivorex \u00ae -tuotteessa on sis\u00e4\u00e4nrakennettu pH-indikaattori, mik\u00e4 tarkoittaa sit\u00e4, ett\u00e4 kun [&hellip;]<\/p>\n","protected":false},"author":1,"featured_media":0,"parent":0,"menu_order":0,"comment_status":"closed","ping_status":"closed","template":"","meta":{"_et_pb_use_builder":"on","_et_pb_old_content":"","_et_gb_content_width":"","footnotes":""},"class_list":["post-24637","page","type-page","status-publish","hentry"],"_links":{"self":[{"href":"https:\/\/ensiturva.fi\/index.php\/wp-json\/wp\/v2\/pages\/24637","targetHints":{"allow":["GET"]}}],"collection":[{"href":"https:\/\/ensiturva.fi\/index.php\/wp-json\/wp\/v2\/pages"}],"about":[{"href":"https:\/\/ensiturva.fi\/index.php\/wp-json\/wp\/v2\/types\/page"}],"author":[{"embeddable":true,"href":"https:\/\/ensiturva.fi\/index.php\/wp-json\/wp\/v2\/users\/1"}],"replies":[{"embeddable":true,"href":"https:\/\/ensiturva.fi\/index.php\/wp-json\/wp\/v2\/comments?post=24637"}],"version-history":[{"count":18,"href":"https:\/\/ensiturva.fi\/index.php\/wp-json\/wp\/v2\/pages\/24637\/revisions"}],"predecessor-version":[{"id":24724,"href":"https:\/\/ensiturva.fi\/index.php\/wp-json\/wp\/v2\/pages\/24637\/revisions\/24724"}],"wp:attachment":[{"href":"https:\/\/ensiturva.fi\/index.php\/wp-json\/wp\/v2\/media?parent=24637"}],"curies":[{"name":"wp","href":"https:\/\/api.w.org\/{rel}","templated":true}]}}