{"id":3,"date":"2023-09-27T12:51:43","date_gmt":"2023-09-27T12:51:43","guid":{"rendered":"https:\/\/ensiturva.fi\/?page_id=3"},"modified":"2024-04-10T13:33:57","modified_gmt":"2024-04-10T10:33:57","slug":"privacy-policy","status":"publish","type":"page","link":"https:\/\/ensiturva.fi\/index.php\/privacy-policy\/","title":{"rendered":"Privacy Policy"},"content":{"rendered":"<p>[et_pb_section fb_built=&#8221;1&#8243; admin_label=&#8221;section&#8221; _builder_version=&#8221;4.16&#8243; global_colors_info=&#8221;{}&#8221;][et_pb_row admin_label=&#8221;row&#8221; _builder_version=&#8221;4.16&#8243; background_size=&#8221;initial&#8221; background_position=&#8221;top_left&#8221; background_repeat=&#8221;repeat&#8221; global_colors_info=&#8221;{}&#8221;][et_pb_column type=&#8221;4_4&#8243; _builder_version=&#8221;4.16&#8243; custom_padding=&#8221;|||&#8221; global_colors_info=&#8221;{}&#8221; custom_padding__hover=&#8221;|||&#8221;][et_pb_text admin_label=&#8221;Text&#8221; _builder_version=&#8221;4.24.0&#8243; background_size=&#8221;initial&#8221; background_position=&#8221;top_left&#8221; background_repeat=&#8221;repeat&#8221; hover_enabled=&#8221;0&#8243; global_colors_info=&#8221;{}&#8221; sticky_enabled=&#8221;0&#8243;]<\/p>\n<p>Tietosuojaseloste<\/p>\n<p>P\u00e4ivitetty viimeksi 10. huhtikuuta 2024 Voimaantulop\u00e4iv\u00e4 10. huhtikuuta 2024 T\u00e4m\u00e4 tietosuojaseloste kuvaa Suomen Ensiturvan, Ollilantie 4, 90440 Kempele, Suomi, s\u00e4hk\u00f6posti: <a target=\"_new\" rel=\"noopener\">info@ensiturva.fi<\/a>, puhelin: 010 320 5280, politiikkoja tiedon ker\u00e4\u00e4misess\u00e4, k\u00e4yt\u00f6ss\u00e4 ja luovuttamisessa, kun k\u00e4yt\u00e4t verkkosivustoamme (<a target=\"_new\" href=\"https:\/\/ensiturva.fi\/\" rel=\"noopener\">https:\/\/ensiturva.fi<\/a>) (\u201dPalvelu\u201d). Palvelun k\u00e4ytt\u00e4m\u00e4ll\u00e4 tai siihen p\u00e4\u00e4sem\u00e4ll\u00e4 suostut tietojesi ker\u00e4\u00e4miseen, k\u00e4ytt\u00f6\u00f6n ja luovuttamiseen t\u00e4m\u00e4n tietosuojaselosteen mukaisesti. Jos et suostu n\u00e4ihin ehtoihin, \u00e4l\u00e4 k\u00e4yt\u00e4 tai yrit\u00e4 k\u00e4ytt\u00e4\u00e4 Palvelua.<\/p>\n<p>Voimme muuttaa t\u00e4t\u00e4 tietosuojaselostetta milloin tahansa ilmoittamatta siit\u00e4 etuk\u00e4teen ja julkaisemme uudistetun tietosuojaselosteen Palvelussa. Uudistettu seloste tulee voimaan 180 p\u00e4iv\u00e4n kuluttua siit\u00e4, kun uudistettu seloste on julkaistu Palvelussa, ja Palvelun k\u00e4yt\u00f6n jatkaminen t\u00e4m\u00e4n ajan j\u00e4lkeen katsotaan uudistetun tietosuojaselosteen hyv\u00e4ksymiseksi. Suosittelemme siksi, ett\u00e4 tarkistat t\u00e4t\u00e4 sivua s\u00e4\u00e4nn\u00f6llisesti.<\/p>\n<p>KER\u00c4\u00c4M\u00c4MME TIEDOT: Ker\u00e4\u00e4mme ja k\u00e4sittelemme seuraavia henkil\u00f6tietojasi:<\/p>\n<ul>\n<li>Nimi<\/li>\n<li>S\u00e4hk\u00f6posti<\/li>\n<li>Matkapuhelin<\/li>\n<li>Osoite<\/li>\n<li>Ty\u00f6osoite<\/li>\n<li>Maksutiedot<\/li>\n<\/ul>\n<p>MITEN K\u00c4YT\u00c4MME TIETOJASI: K\u00e4yt\u00e4mme ker\u00e4\u00e4mi\u00e4mme tietoja seuraaviin tarkoituksiin:<\/p>\n<ul>\n<li>Markkinointi\/ Mainonta<\/li>\n<li>Asiakaspalaute<\/li>\n<li>Maksujen k\u00e4sittely<\/li>\n<li>Tuki<\/li>\n<li>Kohdennettu mainonta<\/li>\n<li>Asiakastilauksen hallinta Jos haluamme k\u00e4ytt\u00e4\u00e4 tietojasi johonkin muuhun tarkoitukseen, pyyd\u00e4mme siihen suostumuksesi ja k\u00e4yt\u00e4mme tietojasi vain saamamme suostumuksen perusteella ja ainoastaan niit\u00e4 tarkoituksia varten, joihin olet antanut suostumuksesi, ellei laki vaadi meit\u00e4 toimimaan toisin.<\/li>\n<\/ul>\n<p>MITEN JAAMME TIETOSI: Emme siirr\u00e4 henkil\u00f6tietojasi kolmannelle osapuolelle ilman suostumustasi, paitsi alla kuvatuissa rajoitetuissa olosuhteissa:<\/p>\n<ul>\n<li>Markkinointitoimistot<\/li>\n<li>Analytiikka<\/li>\n<li>Tiedonkeruu ja -k\u00e4sittely Edellyt\u00e4mme, ett\u00e4 t\u00e4llaiset kolmannet osapuolet k\u00e4ytt\u00e4v\u00e4t siirrettyj\u00e4 henkil\u00f6tietoja vain siihen tarkoitukseen, jota varten tiedot siirrettiin, eiv\u00e4tk\u00e4 s\u00e4ilyt\u00e4 niit\u00e4 kauemmin kuin kyseisen tarkoituksen toteuttaminen vaatii.<\/li>\n<\/ul>\n<p>Voimme my\u00f6s luovuttaa henkil\u00f6tietojasi seuraavissa tapauksissa: (1) sovellettavan lain, asetuksen, tuomioistuimen m\u00e4\u00e4r\u00e4yksen tai muun oikeudellisen prosessin noudattamiseksi; (2) sopimustesi, mukaan lukien t\u00e4m\u00e4 tietosuojaseloste, t\u00e4yt\u00e4nt\u00f6\u00f6npanemiseksi; tai (3) vastataksemme v\u00e4itteisiin, jotka koskevat Palvelun k\u00e4ytt\u00f6si rikkovan kolmannen osapuolen oikeuksia. Jos Palvelu tai yrityksemme yhdistet\u00e4\u00e4n tai ostetaan toisen yrityksen toimesta, tietosi ovat yksi niist\u00e4 varoista, jotka siirtyv\u00e4t uudelle omistajalle.<\/p>\n<p>TIETOJESI S\u00c4ILYTT\u00c4MINEN: S\u00e4ilyt\u00e4mme henkil\u00f6tietojasi meill\u00e4 90 p\u00e4iv\u00e4st\u00e4 kahteen vuoteen k\u00e4ytt\u00e4j\u00e4tilien lopettamisen j\u00e4lkeen tai niin kauan kuin tarvitsemme niit\u00e4 ker\u00e4\u00e4miimme tarkoituksiin t\u00e4ss\u00e4 tietosuojaselosteessa kuvatulla tavalla. Saatamme tarvita tiettyjen tietojen s\u00e4ilytt\u00e4mist\u00e4 pidemp\u00e4\u00e4n, esimerkiksi kirjanpitoon \/ raportointiin liittyen sovellettavan lain mukaisesti tai muista laillisista syist\u00e4, kuten oikeudellisten oikeuksien toteuttamisen, petosten est\u00e4misen yms. vuoksi. Anonyymi tieto ja koostetiedot, jotka eiv\u00e4t suoraan tai v\u00e4lillisesti tunnista sinua, voidaan s\u00e4ilytt\u00e4\u00e4 m\u00e4\u00e4rittelem\u00e4tt\u00f6m\u00e4n ajan.<\/p>\n<p>OIKEUTESI: Sovellettavan lain mukaan sinulla voi olla oikeus p\u00e4\u00e4st\u00e4 k\u00e4siksi ja korjata tai poistaa henkil\u00f6tietojasi tai saada kopio henkil\u00f6tiedoistasi, rajoittaa tai vastustaa tietojesi aktiivista k\u00e4sittely\u00e4, pyyt\u00e4\u00e4 meit\u00e4 jakamaan (siirt\u00e4m\u00e4\u00e4n) henkil\u00f6tietosi toiselle taholle, peruuttaa suostumuksesi meid\u00e4n tietojesi k\u00e4sittelyyn, oikeus tehd\u00e4 valitus valvontaviranomaiselle ja muita sovellettavan lain mukaisia oikeuksia. N\u00e4iden oikeuksien k\u00e4ytt\u00e4miseksi voit kirjoittaa meille osoitteeseen <a target=\"_new\" rel=\"noopener\">info@ensiturva.fi<\/a>. Vastaamme pyynt\u00f6\u00f6si sovellettavan lain mukaisesti.<\/p>\n<p>Voit kielt\u00e4yty\u00e4 suoramarkkinointiviestinn\u00e4st\u00e4 tai markkinointitarkoituksiimme suorittamastamme profiloinnista kirjoittamalla meille osoitteeseen <a target=\"_new\" rel=\"noopener\">info@ensiturva.fi<\/a>.<\/p>\n<p>Huomaa, ett\u00e4 jos et salli meid\u00e4n ker\u00e4t\u00e4 tai k\u00e4sitell\u00e4 tarvittavia henkil\u00f6tietoja tai peruutat suostumuksesi k\u00e4sitell\u00e4 niit\u00e4 tarvittaviin tarkoituksiin, et ehk\u00e4 pysty k\u00e4ytt\u00e4m\u00e4\u00e4n niit\u00e4 palveluita, joita varten tietojasi pyydettiin.<\/p>\n<p>EV\u00c4STEET YM. Lis\u00e4tietoja siit\u00e4, miten k\u00e4yt\u00e4mme n\u00e4it\u00e4 seurantateknologioita ja valintojasi niihin liittyen, l\u00f6yd\u00e4t ev\u00e4stek\u00e4yt\u00e4nn\u00f6st\u00e4mme.<\/p>\n<p>TURVALLISUUS: Tietojesi turvallisuus on meille t\u00e4rke\u00e4\u00e4 ja k\u00e4yt\u00e4mme kohtuullisia turvatoimia est\u00e4\u00e4ksemme tietojesi katoamisen, v\u00e4\u00e4rink\u00e4yt\u00f6n tai luvattoman muuttamisen hallinnassamme. Ottaen huomioon sis\u00e4syntyiset riskit, emme kuitenkaan voi taata absoluuttista turvallisuutta ja n\u00e4in ollen emme voi taata mink\u00e4\u00e4n sinun meille siirt\u00e4m\u00e4si tiedon turvallisuutta ja teet sen omalla vastuullasi.<\/p>\n<p>VALITUS \/ TIETOSUOJAVASTAAVA: Jos sinulla on kysymyksi\u00e4 tai huolenaiheita meill\u00e4 olevien tietojesi k\u00e4sittelyst\u00e4, voit l\u00e4hett\u00e4\u00e4 s\u00e4hk\u00f6postia tietosuojavastaavallemme Suomen Ensiturva, Ollilantie 4, s\u00e4hk\u00f6posti: <a target=\"_new\" rel=\"noopener\">info@ensiturva.fi<\/a>. K\u00e4sittelemme huolesi sovellettavan lain mukaisesti.<\/p>\n<p>[\/et_pb_text][\/et_pb_column][\/et_pb_row][\/et_pb_section]<\/p>\n","protected":false},"excerpt":{"rendered":"<p>Tietosuojaseloste P\u00e4ivitetty viimeksi 10. huhtikuuta 2024 Voimaantulop\u00e4iv\u00e4 10. huhtikuuta 2024 T\u00e4m\u00e4 tietosuojaseloste kuvaa Suomen Ensiturvan, Ollilantie 4, 90440 Kempele, Suomi, s\u00e4hk\u00f6posti: info@ensiturva.fi, puhelin: 010 320 5280, politiikkoja tiedon ker\u00e4\u00e4misess\u00e4, k\u00e4yt\u00f6ss\u00e4 ja luovuttamisessa, kun k\u00e4yt\u00e4t verkkosivustoamme (https:\/\/ensiturva.fi) (\u201dPalvelu\u201d). Palvelun k\u00e4ytt\u00e4m\u00e4ll\u00e4 tai siihen p\u00e4\u00e4sem\u00e4ll\u00e4 suostut tietojesi ker\u00e4\u00e4miseen, k\u00e4ytt\u00f6\u00f6n ja luovuttamiseen t\u00e4m\u00e4n tietosuojaselosteen mukaisesti. Jos et suostu n\u00e4ihin [&hellip;]<\/p>\n","protected":false},"author":1,"featured_media":0,"parent":0,"menu_order":0,"comment_status":"closed","ping_status":"open","template":"","meta":{"_et_pb_use_builder":"on","_et_pb_old_content":"<!-- wp:heading --><h2>Who we are<\/h2><!-- \/wp:heading --><!-- wp:paragraph --><p><strong class=\"privacy-policy-tutorial\">Suggested text: <\/strong>Our website address is: https:\/\/kauppa.ensiturva.fi.<\/p><!-- \/wp:paragraph --><!-- wp:heading --><h2>Comments<\/h2><!-- \/wp:heading --><!-- wp:paragraph --><p><strong class=\"privacy-policy-tutorial\">Suggested text: <\/strong>When visitors leave comments on the site we collect the data shown in the comments form, and also the visitor&#8217;s IP address and browser user agent string to help spam detection.<\/p><!-- \/wp:paragraph --><!-- wp:paragraph --><p>An anonymized string created from your email address (also called a hash) may be provided to the Gravatar service to see if you are using it. The Gravatar service privacy policy is available here: https:\/\/automattic.com\/privacy\/. After approval of your comment, your profile picture is visible to the public in the context of your comment.<\/p><!-- \/wp:paragraph --><!-- wp:heading --><h2>Media<\/h2><!-- \/wp:heading --><!-- wp:paragraph --><p><strong class=\"privacy-policy-tutorial\">Suggested text: <\/strong>If you upload images to the website, you should avoid uploading images with embedded location data (EXIF GPS) included. Visitors to the website can download and extract any location data from images on the website.<\/p><!-- \/wp:paragraph --><!-- wp:heading --><h2>Cookies<\/h2><!-- \/wp:heading --><!-- wp:paragraph --><p><strong class=\"privacy-policy-tutorial\">Suggested text: <\/strong>If you leave a comment on our site you may opt-in to saving your name, email address and website in cookies. These are for your convenience so that you do not have to fill in your details again when you leave another comment. These cookies will last for one year.<\/p><!-- \/wp:paragraph --><!-- wp:paragraph --><p>If you visit our login page, we will set a temporary cookie to determine if your browser accepts cookies. This cookie contains no personal data and is discarded when you close your browser.<\/p><!-- \/wp:paragraph --><!-- wp:paragraph --><p>When you log in, we will also set up several cookies to save your login information and your screen display choices. Login cookies last for two days, and screen options cookies last for a year. If you select &quot;Remember Me&quot;, your login will persist for two weeks. If you log out of your account, the login cookies will be removed.<\/p><!-- \/wp:paragraph --><!-- wp:paragraph --><p>If you edit or publish an article, an additional cookie will be saved in your browser. This cookie includes no personal data and simply indicates the post ID of the article you just edited. It expires after 1 day.<\/p><!-- \/wp:paragraph --><!-- wp:heading --><h2>Embedded content from other websites<\/h2><!-- \/wp:heading --><!-- wp:paragraph --><p><strong class=\"privacy-policy-tutorial\">Suggested text: <\/strong>Articles on this site may include embedded content (e.g. videos, images, articles, etc.). Embedded content from other websites behaves in the exact same way as if the visitor has visited the other website.<\/p><!-- \/wp:paragraph --><!-- wp:paragraph --><p>These websites may collect data about you, use cookies, embed additional third-party tracking, and monitor your interaction with that embedded content, including tracking your interaction with the embedded content if you have an account and are logged in to that website.<\/p><!-- \/wp:paragraph --><!-- wp:heading --><h2>Who we share your data with<\/h2><!-- \/wp:heading --><!-- wp:paragraph --><p><strong class=\"privacy-policy-tutorial\">Suggested text: <\/strong>If you request a password reset, your IP address will be included in the reset email.<\/p><!-- \/wp:paragraph --><!-- wp:heading --><h2>How long we retain your data<\/h2><!-- \/wp:heading --><!-- wp:paragraph --><p><strong class=\"privacy-policy-tutorial\">Suggested text: <\/strong>If you leave a comment, the comment and its metadata are retained indefinitely. This is so we can recognize and approve any follow-up comments automatically instead of holding them in a moderation queue.<\/p><!-- \/wp:paragraph --><!-- wp:paragraph --><p>For users that register on our website (if any), we also store the personal information they provide in their user profile. All users can see, edit, or delete their personal information at any time (except they cannot change their username). Website administrators can also see and edit that information.<\/p><!-- \/wp:paragraph --><!-- wp:heading --><h2>What rights you have over your data<\/h2><!-- \/wp:heading --><!-- wp:paragraph --><p><strong class=\"privacy-policy-tutorial\">Suggested text: <\/strong>If you have an account on this site, or have left comments, you can request to receive an exported file of the personal data we hold about you, including any data you have provided to us. You can also request that we erase any personal data we hold about you. This does not include any data we are obliged to keep for administrative, legal, or security purposes.<\/p><!-- \/wp:paragraph --><!-- wp:heading --><h2>Where your data is sent<\/h2><!-- \/wp:heading --><!-- wp:paragraph --><p><strong class=\"privacy-policy-tutorial\">Suggested text: <\/strong>Visitor comments may be checked through an automated spam detection service.<\/p><!-- \/wp:paragraph -->","_et_gb_content_width":"","footnotes":""},"class_list":["post-3","page","type-page","status-publish","hentry"],"_links":{"self":[{"href":"https:\/\/ensiturva.fi\/index.php\/wp-json\/wp\/v2\/pages\/3","targetHints":{"allow":["GET"]}}],"collection":[{"href":"https:\/\/ensiturva.fi\/index.php\/wp-json\/wp\/v2\/pages"}],"about":[{"href":"https:\/\/ensiturva.fi\/index.php\/wp-json\/wp\/v2\/types\/page"}],"author":[{"embeddable":true,"href":"https:\/\/ensiturva.fi\/index.php\/wp-json\/wp\/v2\/users\/1"}],"replies":[{"embeddable":true,"href":"https:\/\/ensiturva.fi\/index.php\/wp-json\/wp\/v2\/comments?post=3"}],"version-history":[{"count":3,"href":"https:\/\/ensiturva.fi\/index.php\/wp-json\/wp\/v2\/pages\/3\/revisions"}],"predecessor-version":[{"id":25049,"href":"https:\/\/ensiturva.fi\/index.php\/wp-json\/wp\/v2\/pages\/3\/revisions\/25049"}],"wp:attachment":[{"href":"https:\/\/ensiturva.fi\/index.php\/wp-json\/wp\/v2\/media?parent=3"}],"curies":[{"name":"wp","href":"https:\/\/api.w.org\/{rel}","templated":true}]}}