{"id":24574,"date":"2023-10-11T12:00:43","date_gmt":"2023-10-11T09:00:43","guid":{"rendered":"https:\/\/ensiturva.fi\/?post_type=product&#038;p=24574"},"modified":"2026-03-03T13:22:49","modified_gmt":"2026-03-03T10:22:49","slug":"hexafluorine-pullossa","status":"publish","type":"product","link":"https:\/\/ensiturva.fi\/index.php\/product\/hexafluorine-pullossa\/","title":{"rendered":"Hexafluorine 500ml pullo"},"content":{"rendered":"<p>Hexafluorine \u00ae 500ml silm\u00e4huuhde on tarkoitettu ensiapuhoidon aloittamiseen, erityisesti fluorivetyhapon neutralointiin silm\u00e4ss\u00e4. Tuote soveltuu my\u00f6s happoja vastaan. Huuhtelu on aloitettava 60 sekunnin kuluessa kemikaalien roiskumisesta vahinkojen minimoimiseksi, joten sijoita pullot l\u00e4helle riskialuetta.<\/p>\n<ul>\n<li>Kannettava silm\u00e4huuhtelu<\/li>\n<li>Sis\u00e4lt\u00e4\u00e4 500 ml HEXAFLUORINE\u00ae-liuosta<\/li>\n<li>Steriili<\/li>\n<li>Optimaalisen k\u00e4yt\u00f6n vasteaika: alle 60 sekuntia tapaturman j\u00e4lkeen<\/li>\n<li>K\u00e4ytt\u00f6: Silm\u00e4t<\/li>\n<li>Luokka 2A l\u00e4\u00e4kinn\u00e4llinen laite<\/li>\n<li>Noudattaa standardia EN 15154-4<\/li>\n<li>CE-merkitty<\/li>\n<\/ul>\n<h3>Hexafluorine &#8211; fluorivetyhappoa vastaan<\/h3>\n<p>Hexafluorinen k\u00e4ytt\u00f6 on erityisen t\u00e4rke\u00e4\u00e4 teollisuusymp\u00e4rist\u00f6iss\u00e4, joissa altistuminen voimakkaille kemikaaleille on mahdollista. Se on suunniteltu tarjoamaan ensiapua nopeasti ja v\u00e4hent\u00e4m\u00e4\u00e4n palovammojen vakavuutta. Hexafluorine on helppok\u00e4ytt\u00f6inen ja sen tehokkuus perustuu nopeaan reagointiin kemiallisen altistuksen ensimm\u00e4isin\u00e4 sekunteina.<\/p>\n","protected":false},"excerpt":{"rendered":"<p>Hexafluorine \u00ae 500ml silm\u00e4huuhde on tarkoitettu ensiapuhoidon aloittamiseen, erityisesti fluorivetyhapon neutralointiin silm\u00e4ss\u00e4. Tuote soveltuu my\u00f6s happoja vastaan. Huuhtelu on aloitettava 60 sekunnin kuluessa kemikaalien roiskumisesta vahinkojen minimoimiseksi, joten sijoita pullot l\u00e4helle riskialuetta. Kannettava silm\u00e4huuhtelu Sis\u00e4lt\u00e4\u00e4 500 ml HEXAFLUORINE\u00ae-liuosta Steriili Optimaalisen k\u00e4yt\u00f6n vasteaika: alle 60 sekuntia tapaturman j\u00e4lkeen K\u00e4ytt\u00f6: Silm\u00e4t Luokka 2A l\u00e4\u00e4kinn\u00e4llinen laite Noudattaa standardia [&hellip;]<\/p>\n","protected":false},"featured_media":24579,"template":"","meta":{"_et_pb_use_builder":"","_et_pb_old_content":"","_et_gb_content_width":""},"product_brand":[],"product_cat":[22],"product_tag":[23],"class_list":{"0":"post-24574","1":"product","2":"type-product","3":"status-publish","4":"has-post-thumbnail","6":"product_cat-hexafluorine","7":"product_tag-hexafluorine","9":"first","10":"instock","11":"taxable","12":"shipping-taxable","13":"purchasable","14":"product-type-simple"},"tiered_pricing_type":"fixed","tiered_pricing_fixed_rules":[],"tiered_pricing_product_settings":{"layout":"default","base_unit_name":{"singular":null,"plural":null},"default_variation":null},"tiered_pricing_minimum_quantity":null,"tiered_pricing_roles_data":[],"tiered_pricing_percentage_rules":[],"_links":{"self":[{"href":"https:\/\/ensiturva.fi\/index.php\/wp-json\/wp\/v2\/product\/24574","targetHints":{"allow":["GET"]}}],"collection":[{"href":"https:\/\/ensiturva.fi\/index.php\/wp-json\/wp\/v2\/product"}],"about":[{"href":"https:\/\/ensiturva.fi\/index.php\/wp-json\/wp\/v2\/types\/product"}],"wp:featuredmedia":[{"embeddable":true,"href":"https:\/\/ensiturva.fi\/index.php\/wp-json\/wp\/v2\/media\/24579"}],"wp:attachment":[{"href":"https:\/\/ensiturva.fi\/index.php\/wp-json\/wp\/v2\/media?parent=24574"}],"wp:term":[{"taxonomy":"product_brand","embeddable":true,"href":"https:\/\/ensiturva.fi\/index.php\/wp-json\/wp\/v2\/product_brand?post=24574"},{"taxonomy":"product_cat","embeddable":true,"href":"https:\/\/ensiturva.fi\/index.php\/wp-json\/wp\/v2\/product_cat?post=24574"},{"taxonomy":"product_tag","embeddable":true,"href":"https:\/\/ensiturva.fi\/index.php\/wp-json\/wp\/v2\/product_tag?post=24574"}],"curies":[{"name":"wp","href":"https:\/\/api.w.org\/{rel}","templated":true}]}}