{"id":24580,"date":"2023-10-11T13:00:45","date_gmt":"2023-10-11T10:00:45","guid":{"rendered":"https:\/\/ensiturva.fi\/?post_type=product&#038;p=24580"},"modified":"2026-03-03T13:23:18","modified_gmt":"2026-03-03T10:23:18","slug":"hexafluorine-huuhteluasema","status":"publish","type":"product","link":"https:\/\/ensiturva.fi\/index.php\/product\/hexafluorine-huuhteluasema\/","title":{"rendered":"Hexafluorine huuhteluasema Prevor"},"content":{"rendered":"<p>Sein\u00e4\u00e4n kiinnitett\u00e4v\u00e4 huuhteluasema sis\u00e4lt\u00e4\u00e4 2 x 500 ml Hexafluorine\u00ae -pulloa. Sis\u00e4lt\u00f6 on mukautettu neutraloimaan ja pesem\u00e4\u00e4n pois pieni\u00e4 m\u00e4\u00e4ri\u00e4 fluorivetyhappoa koko kehosta, erityisesti kasvoilta ja silmilt\u00e4. Huuhtelu on aloitettava 60 sekunnin kuluessa kemikaalien roiskumisesta vahinkojen minimoimiseksi, joten sijoita huuhteluasema l\u00e4helle riskialuetta.<\/p>\n<p>\u2022 Sein\u00e4\u00e4n kiinnitett\u00e4v\u00e4<br \/>\n\u2022 Sis\u00e4lt\u00e4\u00e4  kaksi 500 ml HEXAFLUORINE\u00ae -silm\u00e4huuhdettaHelposti tunnistettavissa<br \/>\n\u2022 Steriili<br \/>\n\u2022 Luokka 2A l\u00e4\u00e4kinn\u00e4llinen laite<br \/>\n\u2022 Noudattaa standardia EN 15154-3<br \/>\n\u2022 CE-merkint\u00e4 t\u00e4ytt\u00e4v\u00e4\u00e4<\/p>\n<p>Saatavana l\u00e4mp\u00f6kaapilla<br \/>\nSaatavana t\u00e4ydennyssarja<\/p>\n<h3>Hexafluorine &#8211; fluorivetyhappoa vastaan<\/h3>\n<p>Hexafluorinen k\u00e4ytt\u00f6 on erityisen t\u00e4rke\u00e4\u00e4 teollisuusymp\u00e4rist\u00f6iss\u00e4, joissa altistuminen voimakkaille kemikaaleille on mahdollista. Se on suunniteltu tarjoamaan ensiapua nopeasti ja v\u00e4hent\u00e4m\u00e4\u00e4n palovammojen vakavuutta. Hexafluorine on helppok\u00e4ytt\u00f6inen ja sen tehokkuus perustuu nopeaan reagointiin kemiallisen altistuksen ensimm\u00e4isin\u00e4 sekunteina.<\/p>\n","protected":false},"excerpt":{"rendered":"<p>Sein\u00e4\u00e4n kiinnitett\u00e4v\u00e4 huuhteluasema sis\u00e4lt\u00e4\u00e4 2 x 500 ml Hexafluorine\u00ae -pulloa. Sis\u00e4lt\u00f6 on mukautettu neutraloimaan ja pesem\u00e4\u00e4n pois pieni\u00e4 m\u00e4\u00e4ri\u00e4 fluorivetyhappoa koko kehosta, erityisesti kasvoilta ja silmilt\u00e4. Huuhtelu on aloitettava 60 sekunnin kuluessa kemikaalien roiskumisesta vahinkojen minimoimiseksi, joten sijoita huuhteluasema l\u00e4helle riskialuetta. \u2022 Sein\u00e4\u00e4n kiinnitett\u00e4v\u00e4 \u2022 Sis\u00e4lt\u00e4\u00e4 kaksi 500 ml HEXAFLUORINE\u00ae -silm\u00e4huuhdettaHelposti tunnistettavissa \u2022 Steriili \u2022 [&hellip;]<\/p>\n","protected":false},"featured_media":24578,"template":"","meta":{"_et_pb_use_builder":"","_et_pb_old_content":"","_et_gb_content_width":""},"product_brand":[],"product_cat":[22,30],"product_tag":[23],"class_list":{"0":"post-24580","1":"product","2":"type-product","3":"status-publish","4":"has-post-thumbnail","6":"product_cat-hexafluorine","7":"product_cat-suojakaapit","8":"product_tag-hexafluorine","10":"first","11":"instock","12":"taxable","13":"shipping-taxable","14":"purchasable","15":"product-type-simple"},"tiered_pricing_type":"fixed","tiered_pricing_fixed_rules":[],"tiered_pricing_product_settings":{"layout":"default","base_unit_name":{"singular":null,"plural":null},"default_variation":null},"tiered_pricing_minimum_quantity":null,"tiered_pricing_roles_data":[],"tiered_pricing_percentage_rules":[],"_links":{"self":[{"href":"https:\/\/ensiturva.fi\/index.php\/wp-json\/wp\/v2\/product\/24580","targetHints":{"allow":["GET"]}}],"collection":[{"href":"https:\/\/ensiturva.fi\/index.php\/wp-json\/wp\/v2\/product"}],"about":[{"href":"https:\/\/ensiturva.fi\/index.php\/wp-json\/wp\/v2\/types\/product"}],"wp:featuredmedia":[{"embeddable":true,"href":"https:\/\/ensiturva.fi\/index.php\/wp-json\/wp\/v2\/media\/24578"}],"wp:attachment":[{"href":"https:\/\/ensiturva.fi\/index.php\/wp-json\/wp\/v2\/media?parent=24580"}],"wp:term":[{"taxonomy":"product_brand","embeddable":true,"href":"https:\/\/ensiturva.fi\/index.php\/wp-json\/wp\/v2\/product_brand?post=24580"},{"taxonomy":"product_cat","embeddable":true,"href":"https:\/\/ensiturva.fi\/index.php\/wp-json\/wp\/v2\/product_cat?post=24580"},{"taxonomy":"product_tag","embeddable":true,"href":"https:\/\/ensiturva.fi\/index.php\/wp-json\/wp\/v2\/product_tag?post=24580"}],"curies":[{"name":"wp","href":"https:\/\/api.w.org\/{rel}","templated":true}]}}