{"id":24757,"date":"2023-12-08T09:00:19","date_gmt":"2023-12-08T06:00:19","guid":{"rendered":"https:\/\/ensiturva.fi\/?post_type=product&#038;p=24757"},"modified":"2026-03-03T13:22:28","modified_gmt":"2026-03-03T10:22:28","slug":"diphoterine-pullossa-500ml","status":"publish","type":"product","link":"https:\/\/ensiturva.fi\/index.php\/product\/diphoterine-pullossa-500ml\/","title":{"rendered":"Diphoterine 500ml pullo"},"content":{"rendered":"<p>Kemiallisen onnettomuuden j\u00e4lkeen minuutin sis\u00e4ll\u00e4 k\u00e4ytett\u00e4v\u00e4 DIPHOTERINE\u00ae-silm\u00e4huuhde (500 ml) est\u00e4\u00e4 kemikaalin levi\u00e4misen silmiss\u00e4. Toinen ty\u00f6ntekij\u00e4 voi tuoda t\u00e4m\u00e4n pullon, jos loukkaantunut ty\u00f6ntekij\u00e4 panikoi. On suositeltavaa k\u00e4ytt\u00e4\u00e4 j\u00e4lkihuuhtelua vedell\u00e4 k\u00e4yt\u00f6n j\u00e4lkeen. DIPHOTERINE\u00ae -liuosyhdiste on steriili ja sit\u00e4 suositellaan kemikaaliroiskeiden hoitoon iholle eri tilanteissa.<\/p>\n<ul>\n<li>Kannettava silm\u00e4huuhde<\/li>\n<li>Sis\u00e4lt\u00e4\u00e4 500 ml DIPHOTERINE\u00ae-liuosta<\/li>\n<li>Steriili<\/li>\n<li>Optimaalisen k\u00e4yt\u00f6n vasteaika: alle 60 sekuntia tapaturman j\u00e4lkeen<\/li>\n<li>Pidempi vasteaika<\/li>\n<li>K\u00e4ytt\u00f6: Silm\u00e4t<\/li>\n<li>Luokka 2A l\u00e4\u00e4kinn\u00e4llinen laite<\/li>\n<li>Noudattaa standardia EN 15154-4<\/li>\n<li>CE-merkinn\u00e4n t\u00e4ytt\u00e4v\u00e4<\/li>\n<\/ul>\n<h2>Mik\u00e4 tekee Diphoterinesta ainutlaatuisen?<\/h2>\n<p>Kemikaalionnettomuuden j\u00e4lkeen pysyvien vammojen syntymiseen kuluu usein vain muutamia sekunteja. Diphoterine\u00ae toimii v\u00e4litt\u00f6m\u00e4sti ja est\u00e4\u00e4 vaurioiden syntymisen neutraloimalla kemikaalin ennen kuin se aiheuttaa pysyvi\u00e4 vahinkoja.<\/p>\n","protected":false},"excerpt":{"rendered":"<p>Kemiallisen onnettomuuden j\u00e4lkeen minuutin sis\u00e4ll\u00e4 k\u00e4ytett\u00e4v\u00e4 DIPHOTERINE\u00ae-silm\u00e4huuhde (500 ml) est\u00e4\u00e4 kemikaalin levi\u00e4misen silmiss\u00e4. Toinen ty\u00f6ntekij\u00e4 voi tuoda t\u00e4m\u00e4n pullon, jos loukkaantunut ty\u00f6ntekij\u00e4 panikoi. On suositeltavaa k\u00e4ytt\u00e4\u00e4 j\u00e4lkihuuhtelua vedell\u00e4 k\u00e4yt\u00f6n j\u00e4lkeen. DIPHOTERINE\u00ae -liuosyhdiste on steriili ja sit\u00e4 suositellaan kemikaaliroiskeiden hoitoon iholle eri tilanteissa. Kannettava silm\u00e4huuhde Sis\u00e4lt\u00e4\u00e4 500 ml DIPHOTERINE\u00ae-liuosta Steriili Optimaalisen k\u00e4yt\u00f6n vasteaika: alle 60 sekuntia [&hellip;]<\/p>\n","protected":false},"featured_media":24763,"template":"","meta":{"_et_pb_use_builder":"","_et_pb_old_content":"","_et_gb_content_width":""},"product_brand":[],"product_cat":[18],"product_tag":[19],"class_list":{"0":"post-24757","1":"product","2":"type-product","3":"status-publish","4":"has-post-thumbnail","6":"product_cat-diphoterine","7":"product_tag-diphoterine","9":"first","10":"instock","11":"taxable","12":"shipping-taxable","13":"purchasable","14":"product-type-simple"},"tiered_pricing_type":"fixed","tiered_pricing_fixed_rules":[],"tiered_pricing_product_settings":{"layout":"default","base_unit_name":{"singular":null,"plural":null},"default_variation":null},"tiered_pricing_minimum_quantity":null,"tiered_pricing_roles_data":[],"tiered_pricing_percentage_rules":[],"_links":{"self":[{"href":"https:\/\/ensiturva.fi\/index.php\/wp-json\/wp\/v2\/product\/24757","targetHints":{"allow":["GET"]}}],"collection":[{"href":"https:\/\/ensiturva.fi\/index.php\/wp-json\/wp\/v2\/product"}],"about":[{"href":"https:\/\/ensiturva.fi\/index.php\/wp-json\/wp\/v2\/types\/product"}],"wp:featuredmedia":[{"embeddable":true,"href":"https:\/\/ensiturva.fi\/index.php\/wp-json\/wp\/v2\/media\/24763"}],"wp:attachment":[{"href":"https:\/\/ensiturva.fi\/index.php\/wp-json\/wp\/v2\/media?parent=24757"}],"wp:term":[{"taxonomy":"product_brand","embeddable":true,"href":"https:\/\/ensiturva.fi\/index.php\/wp-json\/wp\/v2\/product_brand?post=24757"},{"taxonomy":"product_cat","embeddable":true,"href":"https:\/\/ensiturva.fi\/index.php\/wp-json\/wp\/v2\/product_cat?post=24757"},{"taxonomy":"product_tag","embeddable":true,"href":"https:\/\/ensiturva.fi\/index.php\/wp-json\/wp\/v2\/product_tag?post=24757"}],"curies":[{"name":"wp","href":"https:\/\/api.w.org\/{rel}","templated":true}]}}