{"id":24760,"date":"2023-12-08T10:00:47","date_gmt":"2023-12-08T07:00:47","guid":{"rendered":"https:\/\/ensiturva.fi\/?post_type=product&#038;p=24760"},"modified":"2026-03-03T13:22:48","modified_gmt":"2026-03-03T10:22:48","slug":"diphoterine-micro-dap-200ml","status":"publish","type":"product","link":"https:\/\/ensiturva.fi\/index.php\/product\/diphoterine-micro-dap-200ml\/","title":{"rendered":"Diphoterine mini 200ml spray"},"content":{"rendered":"<p>Mini DAP (200 ml) mahdollistaa k\u00e4si\u00e4 suuremman alueen, kuten kasvojen tai reiden, huuhtelemisen ja puhdistamisen. Sit\u00e4 voi kantaa mukanaan, milloin ensiapu voidaan aloittaa v\u00e4litt\u00f6m\u00e4sti. DIPHOTERINE\u00ae -liuosyhdiste on steriili ja suositellaan kemikaaliroiskeiden hoitoon iholle eri tilanteissa. Mikronisoitu suihke varmistaa tasaisen huuhtelun.<\/p>\n<p>Ominaisuudet:<br \/>\n\u2022 Kannettava suihke<br \/>\n\u2022 Sis\u00e4lt\u00e4\u00e4 100 ml DIPHOTERINE\u00ae -liuosta<br \/>\n\u2022 Steriili<br \/>\n\u2022 Tarkoitettu kemikaaliroiskeiden huuhteluun<br \/>\n\u2022 Optimaalisen k\u00e4yt\u00f6n vasteaika: alle 60 sekuntia tapaturman j\u00e4lkeen<br \/>\n\u2022 K\u00e4ytt\u00f6pinta: kasvo, k\u00e4sivarsi tai vastaava kehon pinta-ala<br \/>\n\u2022 Luokka 2A l\u00e4\u00e4kinn\u00e4llinen laite<br \/>\n\u2022 Noudattaa standardia EN 15154-3<br \/>\n\u2022 CE-merkint\u00e4 t\u00e4ytt\u00e4v\u00e4\u00e4<\/p>\n<h3>Mik\u00e4 tekee Diphoterinesta ainutlaatuisen?<\/h3>\n<p>Kemikaalionnettomuuden j\u00e4lkeen pysyvien vammojen syntymiseen kuluu usein vain muutamia sekunteja. Diphoterine\u00ae toimii v\u00e4litt\u00f6m\u00e4sti ja est\u00e4\u00e4 vaurioiden syntymisen neutraloimalla kemikaalin ennen kuin se aiheuttaa pysyvi\u00e4 vahinkoja.<\/p>\n","protected":false},"excerpt":{"rendered":"<p>Mini DAP (200 ml) mahdollistaa k\u00e4si\u00e4 suuremman alueen, kuten kasvojen tai reiden, huuhtelemisen ja puhdistamisen. Sit\u00e4 voi kantaa mukanaan, milloin ensiapu voidaan aloittaa v\u00e4litt\u00f6m\u00e4sti. DIPHOTERINE\u00ae -liuosyhdiste on steriili ja suositellaan kemikaaliroiskeiden hoitoon iholle eri tilanteissa. Mikronisoitu suihke varmistaa tasaisen huuhtelun. Ominaisuudet: \u2022 Kannettava suihke \u2022 Sis\u00e4lt\u00e4\u00e4 100 ml DIPHOTERINE\u00ae -liuosta \u2022 Steriili \u2022 Tarkoitettu kemikaaliroiskeiden [&hellip;]<\/p>\n","protected":false},"featured_media":24764,"template":"","meta":{"_et_pb_use_builder":"","_et_pb_old_content":"","_et_gb_content_width":""},"product_brand":[],"product_cat":[18],"product_tag":[19],"class_list":{"0":"post-24760","1":"product","2":"type-product","3":"status-publish","4":"has-post-thumbnail","6":"product_cat-diphoterine","7":"product_tag-diphoterine","9":"first","10":"instock","11":"taxable","12":"shipping-taxable","13":"purchasable","14":"product-type-simple"},"tiered_pricing_type":"fixed","tiered_pricing_fixed_rules":[],"tiered_pricing_product_settings":{"layout":"default","base_unit_name":{"singular":null,"plural":null},"default_variation":null},"tiered_pricing_minimum_quantity":null,"tiered_pricing_roles_data":[],"tiered_pricing_percentage_rules":[],"_links":{"self":[{"href":"https:\/\/ensiturva.fi\/index.php\/wp-json\/wp\/v2\/product\/24760","targetHints":{"allow":["GET"]}}],"collection":[{"href":"https:\/\/ensiturva.fi\/index.php\/wp-json\/wp\/v2\/product"}],"about":[{"href":"https:\/\/ensiturva.fi\/index.php\/wp-json\/wp\/v2\/types\/product"}],"wp:featuredmedia":[{"embeddable":true,"href":"https:\/\/ensiturva.fi\/index.php\/wp-json\/wp\/v2\/media\/24764"}],"wp:attachment":[{"href":"https:\/\/ensiturva.fi\/index.php\/wp-json\/wp\/v2\/media?parent=24760"}],"wp:term":[{"taxonomy":"product_brand","embeddable":true,"href":"https:\/\/ensiturva.fi\/index.php\/wp-json\/wp\/v2\/product_brand?post=24760"},{"taxonomy":"product_cat","embeddable":true,"href":"https:\/\/ensiturva.fi\/index.php\/wp-json\/wp\/v2\/product_cat?post=24760"},{"taxonomy":"product_tag","embeddable":true,"href":"https:\/\/ensiturva.fi\/index.php\/wp-json\/wp\/v2\/product_tag?post=24760"}],"curies":[{"name":"wp","href":"https:\/\/api.w.org\/{rel}","templated":true}]}}