{"id":24761,"date":"2023-12-08T12:00:31","date_gmt":"2023-12-08T09:00:31","guid":{"rendered":"https:\/\/ensiturva.fi\/?post_type=product&#038;p=24761"},"modified":"2026-03-03T13:22:48","modified_gmt":"2026-03-03T10:22:48","slug":"diphoterine-siew-50ml","status":"publish","type":"product","link":"https:\/\/ensiturva.fi\/index.php\/product\/diphoterine-siew-50ml\/","title":{"rendered":"Diphoterine Siew 50ml"},"content":{"rendered":"<p>Steriloitu yksitt\u00e4ispakattu silm\u00e4huuhtelu (50 ml) on suunniteltu liikkuvalle ty\u00f6ntekij\u00e4lle. T\u00e4m\u00e4 pullo voidaan kiinnitt\u00e4\u00e4 vy\u00f6lle tai pit\u00e4\u00e4 taskussa. Tuotetta on helppo k\u00e4ytt\u00e4\u00e4 kemiallisen altistuksen j\u00e4lkeen. Se on tarkoitettu h\u00e4t\u00e4huuhteluksi, jota voidaan k\u00e4ytt\u00e4\u00e4 ilman ulkopuolista apua miss\u00e4 tahansa.<\/p>\n<ul>\n<li>Kannettava silm\u00e4huuhde<\/li>\n<li>Kevyt ja kompakti<\/li>\n<li>Sis\u00e4lt\u00e4\u00e4 50 ml DIPHOTERINE\u00ae-liuosta<\/li>\n<li>Steriili<\/li>\n<li>Optimaalisen k\u00e4yt\u00f6n vasteaika: 10 sekuntia tapaturman j\u00e4lkeen<\/li>\n<li>K\u00e4ytt\u00f6: Silm\u00e4t<\/li>\n<li>Luokka 2A l\u00e4\u00e4kinn\u00e4llinen laite<\/li>\n<li>Noudattaa standardia EN 15154-4<\/li>\n<li>CE-merkinn\u00e4n t\u00e4ytt\u00e4v\u00e4<\/li>\n<li>Toimitetaan nylonkotelon kanssa<\/li>\n<\/ul>\n<h3>Mik\u00e4 tekee Diphoterinesta ainutlaatuisen?<\/h3>\n<p>Kemikaalionnetomuuden j\u00e4lkeen pysyvien vammojen syntymiseen kuluu usein vain muutamia sekunteja. Diphoterine\u00ae toimii v\u00e4litt\u00f6m\u00e4sti ja est\u00e4\u00e4 vaurioiden syntymisen neutraloimalla kemikaalin ennen kuin se aiheuttaa pysyvi\u00e4 vahinkoja.<\/p>\n","protected":false},"excerpt":{"rendered":"<p>Steriloitu yksitt\u00e4ispakattu silm\u00e4huuhtelu (50 ml) on suunniteltu liikkuvalle ty\u00f6ntekij\u00e4lle. T\u00e4m\u00e4 pullo voidaan kiinnitt\u00e4\u00e4 vy\u00f6lle tai pit\u00e4\u00e4 taskussa. Tuotetta on helppo k\u00e4ytt\u00e4\u00e4 kemiallisen altistuksen j\u00e4lkeen. Se on tarkoitettu h\u00e4t\u00e4huuhteluksi, jota voidaan k\u00e4ytt\u00e4\u00e4 ilman ulkopuolista apua miss\u00e4 tahansa. Kannettava silm\u00e4huuhde Kevyt ja kompakti Sis\u00e4lt\u00e4\u00e4 50 ml DIPHOTERINE\u00ae-liuosta Steriili Optimaalisen k\u00e4yt\u00f6n vasteaika: 10 sekuntia tapaturman j\u00e4lkeen K\u00e4ytt\u00f6: Silm\u00e4t [&hellip;]<\/p>\n","protected":false},"featured_media":24777,"template":"","meta":{"_et_pb_use_builder":"","_et_pb_old_content":"","_et_gb_content_width":""},"product_brand":[],"product_cat":[18],"product_tag":[19],"class_list":{"0":"post-24761","1":"product","2":"type-product","3":"status-publish","4":"has-post-thumbnail","6":"product_cat-diphoterine","7":"product_tag-diphoterine","9":"first","10":"instock","11":"taxable","12":"shipping-taxable","13":"purchasable","14":"product-type-simple"},"tiered_pricing_type":"fixed","tiered_pricing_fixed_rules":[],"tiered_pricing_product_settings":{"layout":"default","base_unit_name":{"singular":null,"plural":null},"default_variation":null},"tiered_pricing_minimum_quantity":null,"tiered_pricing_roles_data":[],"tiered_pricing_percentage_rules":[],"_links":{"self":[{"href":"https:\/\/ensiturva.fi\/index.php\/wp-json\/wp\/v2\/product\/24761","targetHints":{"allow":["GET"]}}],"collection":[{"href":"https:\/\/ensiturva.fi\/index.php\/wp-json\/wp\/v2\/product"}],"about":[{"href":"https:\/\/ensiturva.fi\/index.php\/wp-json\/wp\/v2\/types\/product"}],"wp:featuredmedia":[{"embeddable":true,"href":"https:\/\/ensiturva.fi\/index.php\/wp-json\/wp\/v2\/media\/24777"}],"wp:attachment":[{"href":"https:\/\/ensiturva.fi\/index.php\/wp-json\/wp\/v2\/media?parent=24761"}],"wp:term":[{"taxonomy":"product_brand","embeddable":true,"href":"https:\/\/ensiturva.fi\/index.php\/wp-json\/wp\/v2\/product_brand?post=24761"},{"taxonomy":"product_cat","embeddable":true,"href":"https:\/\/ensiturva.fi\/index.php\/wp-json\/wp\/v2\/product_cat?post=24761"},{"taxonomy":"product_tag","embeddable":true,"href":"https:\/\/ensiturva.fi\/index.php\/wp-json\/wp\/v2\/product_tag?post=24761"}],"curies":[{"name":"wp","href":"https:\/\/api.w.org\/{rel}","templated":true}]}}