{"id":25149,"date":"2025-01-16T11:20:37","date_gmt":"2025-01-16T08:20:37","guid":{"rendered":"https:\/\/ensiturva.fi\/index.php\/product\/polycaptor-bas\/"},"modified":"2026-03-03T13:23:16","modified_gmt":"2026-03-03T10:23:16","slug":"polycaptor-bas","status":"publish","type":"product","link":"https:\/\/ensiturva.fi\/index.php\/product\/polycaptor-bas\/","title":{"rendered":"Polycaptor BAS varoituspylv?s"},"content":{"rendered":"<p>Varoitustolppa ja imeytysaine yhdess\u00e4 tuotteessa. Tolppa sis\u00e4lt\u00e4\u00e4 400 g Polycaptor-jauhetta ja on k\u00e4tev\u00e4 sek\u00e4 helppok\u00e4ytt\u00f6inen.  <\/p>\n<p>Imeytt\u00e4\u00e4 vuodon ja varoittaa liukastumisvaarasta. Jalusta on irrotettavissa ja sit\u00e4 voi k\u00e4ytt\u00e4\u00e4 kaapimena imeytetyn vuodon ker\u00e4\u00e4miseen.<\/p>\n","protected":false},"excerpt":{"rendered":"<p>Varoitustolppa ja imeytysaine yhdess\u00e4 tuotteessa. Tolppa sis\u00e4lt\u00e4\u00e4 400 g Polycaptor-jauhetta ja on k\u00e4tev\u00e4 sek\u00e4 helppok\u00e4ytt\u00f6inen. Imeytt\u00e4\u00e4 vuodon ja varoittaa liukastumisvaarasta. Jalusta on irrotettavissa ja sit\u00e4 voi k\u00e4ytt\u00e4\u00e4 kaapimena imeytetyn vuodon ker\u00e4\u00e4miseen.<\/p>\n","protected":false},"featured_media":25235,"template":"","meta":{"_et_pb_use_builder":"","_et_pb_old_content":"","_et_gb_content_width":""},"product_brand":[],"product_cat":[32],"product_tag":[46,49],"class_list":{"0":"post-25149","1":"product","2":"type-product","3":"status-publish","4":"has-post-thumbnail","6":"product_cat-imeytysaineet","7":"product_tag-imeytysaineet","8":"product_tag-polycaptor","10":"first","11":"instock","12":"taxable","13":"shipping-taxable","14":"purchasable","15":"product-type-simple"},"tiered_pricing_type":"fixed","tiered_pricing_fixed_rules":[],"tiered_pricing_product_settings":{"layout":"default","base_unit_name":{"singular":null,"plural":null},"default_variation":null},"tiered_pricing_minimum_quantity":null,"tiered_pricing_roles_data":[],"tiered_pricing_percentage_rules":[],"_links":{"self":[{"href":"https:\/\/ensiturva.fi\/index.php\/wp-json\/wp\/v2\/product\/25149","targetHints":{"allow":["GET"]}}],"collection":[{"href":"https:\/\/ensiturva.fi\/index.php\/wp-json\/wp\/v2\/product"}],"about":[{"href":"https:\/\/ensiturva.fi\/index.php\/wp-json\/wp\/v2\/types\/product"}],"wp:featuredmedia":[{"embeddable":true,"href":"https:\/\/ensiturva.fi\/index.php\/wp-json\/wp\/v2\/media\/25235"}],"wp:attachment":[{"href":"https:\/\/ensiturva.fi\/index.php\/wp-json\/wp\/v2\/media?parent=25149"}],"wp:term":[{"taxonomy":"product_brand","embeddable":true,"href":"https:\/\/ensiturva.fi\/index.php\/wp-json\/wp\/v2\/product_brand?post=25149"},{"taxonomy":"product_cat","embeddable":true,"href":"https:\/\/ensiturva.fi\/index.php\/wp-json\/wp\/v2\/product_cat?post=25149"},{"taxonomy":"product_tag","embeddable":true,"href":"https:\/\/ensiturva.fi\/index.php\/wp-json\/wp\/v2\/product_tag?post=25149"}],"curies":[{"name":"wp","href":"https:\/\/api.w.org\/{rel}","templated":true}]}}