{"id":25150,"date":"2025-01-16T11:20:38","date_gmt":"2025-01-16T08:20:38","guid":{"rendered":"https:\/\/ensiturva.fi\/index.php\/product\/polycaptor-sakki-10kg\/"},"modified":"2026-03-03T13:23:13","modified_gmt":"2026-03-03T10:23:13","slug":"polycaptor-sakki-10kg","status":"publish","type":"product","link":"https:\/\/ensiturva.fi\/index.php\/product\/polycaptor-sakki-10kg\/","title":{"rendered":"Polycaptor 10kg (40L) astia"},"content":{"rendered":"<p>Imukykyinen jauhe kaikenlaisiin vuotoihin, erityisesti suunniteltu \u00f6ljyjen, tensidien, maalien, polymeerien ja muiden &#8221;tahmeiden&#8221; tuotteiden imeytt\u00e4miseen. Polycaptor poistaa vuodot j\u00e4tt\u00e4m\u00e4tt\u00e4 rasvaisia tai ei-toivottuja j\u00e4\u00e4mi\u00e4 lattialle, mik\u00e4 v\u00e4hent\u00e4\u00e4 liukastumisriskin mahdollisuutta.<\/p>\n","protected":false},"excerpt":{"rendered":"<p>Imukykyinen jauhe kaikenlaisiin vuotoihin, erityisesti suunniteltu \u00f6ljyjen, tensidien, maalien, polymeerien ja muiden &#8221;tahmeiden&#8221; tuotteiden imeytt\u00e4miseen. Polycaptor poistaa vuodot j\u00e4tt\u00e4m\u00e4tt\u00e4 rasvaisia tai ei-toivottuja j\u00e4\u00e4mi\u00e4 lattialle, mik\u00e4 v\u00e4hent\u00e4\u00e4 liukastumisriskin mahdollisuutta.<\/p>\n","protected":false},"featured_media":25234,"template":"","meta":{"_et_pb_use_builder":"","_et_pb_old_content":"","_et_gb_content_width":""},"product_brand":[],"product_cat":[32],"product_tag":[46,49],"class_list":{"0":"post-25150","1":"product","2":"type-product","3":"status-publish","4":"has-post-thumbnail","6":"product_cat-imeytysaineet","7":"product_tag-imeytysaineet","8":"product_tag-polycaptor","10":"first","11":"instock","12":"taxable","13":"shipping-taxable","14":"purchasable","15":"product-type-simple"},"tiered_pricing_type":"fixed","tiered_pricing_fixed_rules":[],"tiered_pricing_product_settings":{"layout":"default","base_unit_name":{"singular":null,"plural":null},"default_variation":null},"tiered_pricing_minimum_quantity":null,"tiered_pricing_roles_data":[],"tiered_pricing_percentage_rules":[],"_links":{"self":[{"href":"https:\/\/ensiturva.fi\/index.php\/wp-json\/wp\/v2\/product\/25150","targetHints":{"allow":["GET"]}}],"collection":[{"href":"https:\/\/ensiturva.fi\/index.php\/wp-json\/wp\/v2\/product"}],"about":[{"href":"https:\/\/ensiturva.fi\/index.php\/wp-json\/wp\/v2\/types\/product"}],"wp:featuredmedia":[{"embeddable":true,"href":"https:\/\/ensiturva.fi\/index.php\/wp-json\/wp\/v2\/media\/25234"}],"wp:attachment":[{"href":"https:\/\/ensiturva.fi\/index.php\/wp-json\/wp\/v2\/media?parent=25150"}],"wp:term":[{"taxonomy":"product_brand","embeddable":true,"href":"https:\/\/ensiturva.fi\/index.php\/wp-json\/wp\/v2\/product_brand?post=25150"},{"taxonomy":"product_cat","embeddable":true,"href":"https:\/\/ensiturva.fi\/index.php\/wp-json\/wp\/v2\/product_cat?post=25150"},{"taxonomy":"product_tag","embeddable":true,"href":"https:\/\/ensiturva.fi\/index.php\/wp-json\/wp\/v2\/product_tag?post=25150"}],"curies":[{"name":"wp","href":"https:\/\/api.w.org\/{rel}","templated":true}]}}