{"id":25152,"date":"2025-01-16T11:20:39","date_gmt":"2025-01-16T08:20:39","guid":{"rendered":"https:\/\/ensiturva.fi\/index.php\/product\/safurex-5l-dekontaminointiruiske\/"},"modified":"2026-03-03T13:23:23","modified_gmt":"2026-03-03T10:23:23","slug":"safurex-5l-dekontaminointiruiske","status":"publish","type":"product","link":"https:\/\/ensiturva.fi\/index.php\/product\/safurex-5l-dekontaminointiruiske\/","title":{"rendered":"Safurex 5L Dekontaminointipaineruisku"},"content":{"rendered":"<p>Neutraloiva puhdistusneste kemiallisille vuodoille kaikilla materiaaleilla. Optimaalinen ratkaisu em\u00e4ksisten, happamien, hapettavien ja pelkist\u00e4vien aineiden neutralointiin. Sis\u00e4\u00e4nrakennettu pH-indikaattori.<\/p>\n","protected":false},"excerpt":{"rendered":"<p>Neutraloiva puhdistusneste kemiallisille vuodoille kaikilla materiaaleilla. Optimaalinen ratkaisu em\u00e4ksisten, happamien, hapettavien ja pelkist\u00e4vien aineiden neutralointiin. Sis\u00e4\u00e4nrakennettu pH-indikaattori.<\/p>\n","protected":false},"featured_media":25232,"template":"","meta":{"_et_pb_use_builder":"","_et_pb_old_content":"","_et_gb_content_width":""},"product_brand":[],"product_cat":[32],"product_tag":[50,51],"class_list":{"0":"post-25152","1":"product","2":"type-product","3":"status-publish","4":"has-post-thumbnail","6":"product_cat-imeytysaineet","7":"product_tag-puhdistusaineet","8":"product_tag-safurex","10":"first","11":"instock","12":"taxable","13":"shipping-taxable","14":"purchasable","15":"product-type-simple"},"tiered_pricing_type":"fixed","tiered_pricing_fixed_rules":[],"tiered_pricing_product_settings":{"layout":"default","base_unit_name":{"singular":null,"plural":null},"default_variation":null},"tiered_pricing_minimum_quantity":null,"tiered_pricing_roles_data":[],"tiered_pricing_percentage_rules":[],"_links":{"self":[{"href":"https:\/\/ensiturva.fi\/index.php\/wp-json\/wp\/v2\/product\/25152","targetHints":{"allow":["GET"]}}],"collection":[{"href":"https:\/\/ensiturva.fi\/index.php\/wp-json\/wp\/v2\/product"}],"about":[{"href":"https:\/\/ensiturva.fi\/index.php\/wp-json\/wp\/v2\/types\/product"}],"wp:featuredmedia":[{"embeddable":true,"href":"https:\/\/ensiturva.fi\/index.php\/wp-json\/wp\/v2\/media\/25232"}],"wp:attachment":[{"href":"https:\/\/ensiturva.fi\/index.php\/wp-json\/wp\/v2\/media?parent=25152"}],"wp:term":[{"taxonomy":"product_brand","embeddable":true,"href":"https:\/\/ensiturva.fi\/index.php\/wp-json\/wp\/v2\/product_brand?post=25152"},{"taxonomy":"product_cat","embeddable":true,"href":"https:\/\/ensiturva.fi\/index.php\/wp-json\/wp\/v2\/product_cat?post=25152"},{"taxonomy":"product_tag","embeddable":true,"href":"https:\/\/ensiturva.fi\/index.php\/wp-json\/wp\/v2\/product_tag?post=25152"}],"curies":[{"name":"wp","href":"https:\/\/api.w.org\/{rel}","templated":true}]}}