{"id":25154,"date":"2025-01-16T11:20:41","date_gmt":"2025-01-16T08:20:41","guid":{"rendered":"https:\/\/ensiturva.fi\/index.php\/product\/trivorex-700g\/"},"modified":"2026-03-03T13:23:44","modified_gmt":"2026-03-03T10:23:44","slug":"trivorex-700g","status":"publish","type":"product","link":"https:\/\/ensiturva.fi\/index.php\/product\/trivorex-700g\/","title":{"rendered":"Trivorex 700g (1L) purkki"},"content":{"rendered":"<p>Imukykyinen ja neutraloiva jauhe kaikille happo-, em\u00e4s- ja hapettaville aineille, jossa on sis\u00e4\u00e4nrakennettu pH-indikaattori. Trivorex\u00ae-purkki soveltuu erityisesti pieniin kemikaalivuotoihin, joissa neutralointi on t\u00e4rke\u00e4\u00e4 henkil\u00f6vahinkojen riskin minimoimiseksi, esimerkiksi laboratorioymp\u00e4rist\u00f6ss\u00e4.<\/p>\n","protected":false},"excerpt":{"rendered":"<p>Imukykyinen ja neutraloiva jauhe kaikille happo-, em\u00e4s- ja hapettaville aineille, jossa on sis\u00e4\u00e4nrakennettu pH-indikaattori. Trivorex\u00ae-purkki soveltuu erityisesti pieniin kemikaalivuotoihin, joissa neutralointi on t\u00e4rke\u00e4\u00e4 henkil\u00f6vahinkojen riskin minimoimiseksi, esimerkiksi laboratorioymp\u00e4rist\u00f6ss\u00e4.<\/p>\n","protected":false},"featured_media":25228,"template":"","meta":{"_et_pb_use_builder":"","_et_pb_old_content":"","_et_gb_content_width":""},"product_brand":[],"product_cat":[32],"product_tag":[46,52],"class_list":{"0":"post-25154","1":"product","2":"type-product","3":"status-publish","4":"has-post-thumbnail","6":"product_cat-imeytysaineet","7":"product_tag-imeytysaineet","8":"product_tag-trivorex","10":"first","11":"instock","12":"taxable","13":"shipping-taxable","14":"purchasable","15":"product-type-simple"},"tiered_pricing_type":"fixed","tiered_pricing_fixed_rules":[],"tiered_pricing_product_settings":{"layout":"default","base_unit_name":{"singular":null,"plural":null},"default_variation":null},"tiered_pricing_minimum_quantity":null,"tiered_pricing_roles_data":[],"tiered_pricing_percentage_rules":[],"_links":{"self":[{"href":"https:\/\/ensiturva.fi\/index.php\/wp-json\/wp\/v2\/product\/25154","targetHints":{"allow":["GET"]}}],"collection":[{"href":"https:\/\/ensiturva.fi\/index.php\/wp-json\/wp\/v2\/product"}],"about":[{"href":"https:\/\/ensiturva.fi\/index.php\/wp-json\/wp\/v2\/types\/product"}],"wp:featuredmedia":[{"embeddable":true,"href":"https:\/\/ensiturva.fi\/index.php\/wp-json\/wp\/v2\/media\/25228"}],"wp:attachment":[{"href":"https:\/\/ensiturva.fi\/index.php\/wp-json\/wp\/v2\/media?parent=25154"}],"wp:term":[{"taxonomy":"product_brand","embeddable":true,"href":"https:\/\/ensiturva.fi\/index.php\/wp-json\/wp\/v2\/product_brand?post=25154"},{"taxonomy":"product_cat","embeddable":true,"href":"https:\/\/ensiturva.fi\/index.php\/wp-json\/wp\/v2\/product_cat?post=25154"},{"taxonomy":"product_tag","embeddable":true,"href":"https:\/\/ensiturva.fi\/index.php\/wp-json\/wp\/v2\/product_tag?post=25154"}],"curies":[{"name":"wp","href":"https:\/\/api.w.org\/{rel}","templated":true}]}}