{"id":25157,"date":"2025-01-16T11:20:44","date_gmt":"2025-01-16T08:20:44","guid":{"rendered":"https:\/\/ensiturva.fi\/index.php\/product\/medical-care-1-first-aid\/"},"modified":"2026-03-03T13:22:56","modified_gmt":"2026-03-03T10:22:56","slug":"medical-care-1-first-aid","status":"publish","type":"product","link":"https:\/\/ensiturva.fi\/index.php\/product\/medical-care-1-first-aid\/","title":{"rendered":"Medical Care 1 First Aid"},"content":{"rendered":"<p>Ensiapulaukku, joka on suunniteltu useimpien akuuttien vammojen, kuten palo-, haava- ja silm\u00e4vammojen, hoitoon. Laukku on valmistettu kest\u00e4v\u00e4st\u00e4 nailonmateriaalista ja voidaan avata kokonaan sek\u00e4 taittaa auki, mik\u00e4 mahdollistaa sis\u00e4ll\u00f6n selke\u00e4n tarkastelun.<\/p>\n","protected":false},"excerpt":{"rendered":"<p>Ensiapulaukku, joka on suunniteltu useimpien akuuttien vammojen, kuten palo-, haava- ja silm\u00e4vammojen, hoitoon. Laukku on valmistettu kest\u00e4v\u00e4st\u00e4 nailonmateriaalista ja voidaan avata kokonaan sek\u00e4 taittaa auki, mik\u00e4 mahdollistaa sis\u00e4ll\u00f6n selke\u00e4n tarkastelun.<\/p>\n","protected":false},"featured_media":25227,"template":"","meta":{"_et_pb_use_builder":"","_et_pb_old_content":"","_et_gb_content_width":""},"product_brand":[],"product_cat":[44],"product_tag":[53],"class_list":{"0":"post-25157","1":"product","2":"type-product","3":"status-publish","4":"has-post-thumbnail","6":"product_cat-ensiaputarvikkeet","7":"product_tag-ensiaputarvikkeet","9":"first","10":"instock","11":"taxable","12":"shipping-taxable","13":"purchasable","14":"product-type-simple"},"tiered_pricing_type":"fixed","tiered_pricing_fixed_rules":[],"tiered_pricing_product_settings":{"layout":"default","base_unit_name":{"singular":null,"plural":null},"default_variation":null},"tiered_pricing_minimum_quantity":null,"tiered_pricing_roles_data":[],"tiered_pricing_percentage_rules":[],"_links":{"self":[{"href":"https:\/\/ensiturva.fi\/index.php\/wp-json\/wp\/v2\/product\/25157","targetHints":{"allow":["GET"]}}],"collection":[{"href":"https:\/\/ensiturva.fi\/index.php\/wp-json\/wp\/v2\/product"}],"about":[{"href":"https:\/\/ensiturva.fi\/index.php\/wp-json\/wp\/v2\/types\/product"}],"wp:featuredmedia":[{"embeddable":true,"href":"https:\/\/ensiturva.fi\/index.php\/wp-json\/wp\/v2\/media\/25227"}],"wp:attachment":[{"href":"https:\/\/ensiturva.fi\/index.php\/wp-json\/wp\/v2\/media?parent=25157"}],"wp:term":[{"taxonomy":"product_brand","embeddable":true,"href":"https:\/\/ensiturva.fi\/index.php\/wp-json\/wp\/v2\/product_brand?post=25157"},{"taxonomy":"product_cat","embeddable":true,"href":"https:\/\/ensiturva.fi\/index.php\/wp-json\/wp\/v2\/product_cat?post=25157"},{"taxonomy":"product_tag","embeddable":true,"href":"https:\/\/ensiturva.fi\/index.php\/wp-json\/wp\/v2\/product_tag?post=25157"}],"curies":[{"name":"wp","href":"https:\/\/api.w.org\/{rel}","templated":true}]}}