{"id":25161,"date":"2025-01-16T11:20:48","date_gmt":"2025-01-16T08:20:48","guid":{"rendered":"https:\/\/ensiturva.fi\/index.php\/product\/medical-care-2\/"},"modified":"2026-03-03T13:22:57","modified_gmt":"2026-03-03T10:22:57","slug":"medical-care-2","status":"publish","type":"product","link":"https:\/\/ensiturva.fi\/index.php\/product\/medical-care-2\/","title":{"rendered":"Medical Care 2"},"content":{"rendered":"<p>T\u00e4ysin varusteltu, kannettava, p\u00f6ly-, kosteus- ja likasuojattu ensiapuasema kaikille, jotka ty\u00f6skentelev\u00e4t ammateissa, joissa on riski silm\u00e4-, palo- ja haavavammoille. All-in-one-asema MC2 sis\u00e4lt\u00e4\u00e4 silm\u00e4- ja palovammasuihkun, joka tarjoaa optimaalisen ensiapuhoidon sek\u00e4 nopean ja tehokkaan helpotuksen onnettomuuden sattuessa.<\/p>\n","protected":false},"excerpt":{"rendered":"<p>T\u00e4ysin varusteltu, kannettava, p\u00f6ly-, kosteus- ja likasuojattu ensiapuasema kaikille, jotka ty\u00f6skentelev\u00e4t ammateissa, joissa on riski silm\u00e4-, palo- ja haavavammoille. All-in-one-asema MC2 sis\u00e4lt\u00e4\u00e4 silm\u00e4- ja palovammasuihkun, joka tarjoaa optimaalisen ensiapuhoidon sek\u00e4 nopean ja tehokkaan helpotuksen onnettomuuden sattuessa.<\/p>\n","protected":false},"featured_media":25224,"template":"","meta":{"_et_pb_use_builder":"","_et_pb_old_content":"","_et_gb_content_width":""},"product_brand":[],"product_cat":[44],"product_tag":[53],"class_list":{"0":"post-25161","1":"product","2":"type-product","3":"status-publish","4":"has-post-thumbnail","6":"product_cat-ensiaputarvikkeet","7":"product_tag-ensiaputarvikkeet","9":"first","10":"instock","11":"taxable","12":"shipping-taxable","13":"purchasable","14":"product-type-simple"},"tiered_pricing_type":"fixed","tiered_pricing_fixed_rules":[],"tiered_pricing_product_settings":{"layout":"default","base_unit_name":{"singular":null,"plural":null},"default_variation":null},"tiered_pricing_minimum_quantity":null,"tiered_pricing_roles_data":[],"tiered_pricing_percentage_rules":[],"_links":{"self":[{"href":"https:\/\/ensiturva.fi\/index.php\/wp-json\/wp\/v2\/product\/25161","targetHints":{"allow":["GET"]}}],"collection":[{"href":"https:\/\/ensiturva.fi\/index.php\/wp-json\/wp\/v2\/product"}],"about":[{"href":"https:\/\/ensiturva.fi\/index.php\/wp-json\/wp\/v2\/types\/product"}],"wp:featuredmedia":[{"embeddable":true,"href":"https:\/\/ensiturva.fi\/index.php\/wp-json\/wp\/v2\/media\/25224"}],"wp:attachment":[{"href":"https:\/\/ensiturva.fi\/index.php\/wp-json\/wp\/v2\/media?parent=25161"}],"wp:term":[{"taxonomy":"product_brand","embeddable":true,"href":"https:\/\/ensiturva.fi\/index.php\/wp-json\/wp\/v2\/product_brand?post=25161"},{"taxonomy":"product_cat","embeddable":true,"href":"https:\/\/ensiturva.fi\/index.php\/wp-json\/wp\/v2\/product_cat?post=25161"},{"taxonomy":"product_tag","embeddable":true,"href":"https:\/\/ensiturva.fi\/index.php\/wp-json\/wp\/v2\/product_tag?post=25161"}],"curies":[{"name":"wp","href":"https:\/\/api.w.org\/{rel}","templated":true}]}}