{"id":25163,"date":"2025-01-16T11:20:49","date_gmt":"2025-01-16T08:20:49","guid":{"rendered":"https:\/\/ensiturva.fi\/index.php\/product\/medical-care-4\/"},"modified":"2026-03-03T13:22:58","modified_gmt":"2026-03-03T10:22:58","slug":"medical-care-4","status":"publish","type":"product","link":"https:\/\/ensiturva.fi\/index.php\/product\/medical-care-4\/","title":{"rendered":"Medical Care 4"},"content":{"rendered":"<p>Kannettava, p\u00f6ly-, kosteus- ja likasuojattu silm\u00e4- ja palovammasuihkupiste, jossa on l\u00e4mmityselementti kylmi\u00e4 ulkoilmastoja varten. Triplaefektin ansiosta l\u00e4mmitett\u00e4v\u00e4 kaappi auttaa hoitamaan l\u00e4mp\u00f6palovammoja, puhdistamaan haavoja sek\u00e4 huuhtelemaan p\u00f6lyn ja hiukkaset silmist\u00e4.<\/p>\n","protected":false},"excerpt":{"rendered":"<p>Kannettava, p\u00f6ly-, kosteus- ja likasuojattu silm\u00e4- ja palovammasuihkupiste, jossa on l\u00e4mmityselementti kylmi\u00e4 ulkoilmastoja varten. Triplaefektin ansiosta l\u00e4mmitett\u00e4v\u00e4 kaappi auttaa hoitamaan l\u00e4mp\u00f6palovammoja, puhdistamaan haavoja sek\u00e4 huuhtelemaan p\u00f6lyn ja hiukkaset silmist\u00e4.<\/p>\n","protected":false},"featured_media":25222,"template":"","meta":{"_et_pb_use_builder":"","_et_pb_old_content":"","_et_gb_content_width":""},"product_brand":[],"product_cat":[44],"product_tag":[53],"class_list":{"0":"post-25163","1":"product","2":"type-product","3":"status-publish","4":"has-post-thumbnail","6":"product_cat-ensiaputarvikkeet","7":"product_tag-ensiaputarvikkeet","9":"first","10":"instock","11":"taxable","12":"shipping-taxable","13":"purchasable","14":"product-type-simple"},"tiered_pricing_type":"fixed","tiered_pricing_fixed_rules":[],"tiered_pricing_product_settings":{"layout":"default","base_unit_name":{"singular":null,"plural":null},"default_variation":null},"tiered_pricing_minimum_quantity":null,"tiered_pricing_roles_data":[],"tiered_pricing_percentage_rules":[],"_links":{"self":[{"href":"https:\/\/ensiturva.fi\/index.php\/wp-json\/wp\/v2\/product\/25163","targetHints":{"allow":["GET"]}}],"collection":[{"href":"https:\/\/ensiturva.fi\/index.php\/wp-json\/wp\/v2\/product"}],"about":[{"href":"https:\/\/ensiturva.fi\/index.php\/wp-json\/wp\/v2\/types\/product"}],"wp:featuredmedia":[{"embeddable":true,"href":"https:\/\/ensiturva.fi\/index.php\/wp-json\/wp\/v2\/media\/25222"}],"wp:attachment":[{"href":"https:\/\/ensiturva.fi\/index.php\/wp-json\/wp\/v2\/media?parent=25163"}],"wp:term":[{"taxonomy":"product_brand","embeddable":true,"href":"https:\/\/ensiturva.fi\/index.php\/wp-json\/wp\/v2\/product_brand?post=25163"},{"taxonomy":"product_cat","embeddable":true,"href":"https:\/\/ensiturva.fi\/index.php\/wp-json\/wp\/v2\/product_cat?post=25163"},{"taxonomy":"product_tag","embeddable":true,"href":"https:\/\/ensiturva.fi\/index.php\/wp-json\/wp\/v2\/product_tag?post=25163"}],"curies":[{"name":"wp","href":"https:\/\/api.w.org\/{rel}","templated":true}]}}