{"id":25169,"date":"2025-01-16T11:20:53","date_gmt":"2025-01-16T08:20:53","guid":{"rendered":"https:\/\/ensiturva.fi\/index.php\/product\/teline-100ml-spray-pullolle\/"},"modified":"2026-03-04T11:23:21","modified_gmt":"2026-03-04T08:23:21","slug":"teline-100ml-spray-pullolle","status":"publish","type":"product","link":"https:\/\/ensiturva.fi\/index.php\/product\/teline-100ml-spray-pullolle\/","title":{"rendered":"Sein\u00e4teline 100ml\/200ml diphoterine suihkepullolle"},"content":{"rendered":"<p>Vihre\u00e4st\u00e4 muovista valmistettu sein\u00e4teline, suunniteltu Diphoterine Micro -suihkepullolle.<\/p>\n","protected":false},"excerpt":{"rendered":"<p>Vihre\u00e4st\u00e4 muovista valmistettu sein\u00e4teline, suunniteltu Diphoterine Micro -suihkepullolle.<\/p>\n","protected":false},"featured_media":25214,"template":"","meta":{"_et_pb_use_builder":"","_et_pb_old_content":"","_et_gb_content_width":""},"product_brand":[],"product_cat":[18],"product_tag":[19],"class_list":{"0":"post-25169","1":"product","2":"type-product","3":"status-publish","4":"has-post-thumbnail","6":"product_cat-diphoterine","7":"product_tag-diphoterine","9":"first","10":"instock","11":"taxable","12":"shipping-taxable","13":"purchasable","14":"product-type-simple"},"tiered_pricing_type":"fixed","tiered_pricing_fixed_rules":[],"tiered_pricing_product_settings":{"layout":"default","base_unit_name":{"singular":null,"plural":null},"default_variation":null},"tiered_pricing_minimum_quantity":null,"tiered_pricing_roles_data":[],"tiered_pricing_percentage_rules":[],"_links":{"self":[{"href":"https:\/\/ensiturva.fi\/index.php\/wp-json\/wp\/v2\/product\/25169","targetHints":{"allow":["GET"]}}],"collection":[{"href":"https:\/\/ensiturva.fi\/index.php\/wp-json\/wp\/v2\/product"}],"about":[{"href":"https:\/\/ensiturva.fi\/index.php\/wp-json\/wp\/v2\/types\/product"}],"wp:featuredmedia":[{"embeddable":true,"href":"https:\/\/ensiturva.fi\/index.php\/wp-json\/wp\/v2\/media\/25214"}],"wp:attachment":[{"href":"https:\/\/ensiturva.fi\/index.php\/wp-json\/wp\/v2\/media?parent=25169"}],"wp:term":[{"taxonomy":"product_brand","embeddable":true,"href":"https:\/\/ensiturva.fi\/index.php\/wp-json\/wp\/v2\/product_brand?post=25169"},{"taxonomy":"product_cat","embeddable":true,"href":"https:\/\/ensiturva.fi\/index.php\/wp-json\/wp\/v2\/product_cat?post=25169"},{"taxonomy":"product_tag","embeddable":true,"href":"https:\/\/ensiturva.fi\/index.php\/wp-json\/wp\/v2\/product_tag?post=25169"}],"curies":[{"name":"wp","href":"https:\/\/api.w.org\/{rel}","templated":true}]}}