{"id":25171,"date":"2025-01-16T11:20:54","date_gmt":"2025-01-16T08:20:54","guid":{"rendered":"https:\/\/ensiturva.fi\/index.php\/product\/silmahuuhdeteline\/"},"modified":"2026-03-04T11:23:09","modified_gmt":"2026-03-04T08:23:09","slug":"silmahuuhdeteline","status":"publish","type":"product","link":"https:\/\/ensiturva.fi\/index.php\/product\/silmahuuhdeteline\/","title":{"rendered":"Silm\u00e4huuhdeteline MCS silm\u00e4huuhteelle"},"content":{"rendered":"<p>Vihre\u00e4st\u00e4 muovista valmistettu sein\u00e4teline, suunniteltu Medical Care Eyewash 500 ml -pullolle.<\/p>\n","protected":false},"excerpt":{"rendered":"<p>Vihre\u00e4st\u00e4 muovista valmistettu sein\u00e4teline, suunniteltu Medical Care Eyewash 500 ml -pullolle.<\/p>\n","protected":false},"featured_media":25213,"template":"","meta":{"_et_pb_use_builder":"","_et_pb_old_content":"","_et_gb_content_width":""},"product_brand":[],"product_cat":[45],"product_tag":[67,55],"class_list":{"0":"post-25171","1":"product","2":"type-product","3":"status-publish","4":"has-post-thumbnail","6":"product_cat-telineet","7":"product_tag-silmhuuhde","8":"product_tag-telineet","10":"first","11":"instock","12":"taxable","13":"shipping-taxable","14":"purchasable","15":"product-type-simple"},"tiered_pricing_type":"fixed","tiered_pricing_fixed_rules":[],"tiered_pricing_product_settings":{"layout":"default","base_unit_name":{"singular":null,"plural":null},"default_variation":null},"tiered_pricing_minimum_quantity":null,"tiered_pricing_roles_data":[],"tiered_pricing_percentage_rules":[],"_links":{"self":[{"href":"https:\/\/ensiturva.fi\/index.php\/wp-json\/wp\/v2\/product\/25171","targetHints":{"allow":["GET"]}}],"collection":[{"href":"https:\/\/ensiturva.fi\/index.php\/wp-json\/wp\/v2\/product"}],"about":[{"href":"https:\/\/ensiturva.fi\/index.php\/wp-json\/wp\/v2\/types\/product"}],"wp:featuredmedia":[{"embeddable":true,"href":"https:\/\/ensiturva.fi\/index.php\/wp-json\/wp\/v2\/media\/25213"}],"wp:attachment":[{"href":"https:\/\/ensiturva.fi\/index.php\/wp-json\/wp\/v2\/media?parent=25171"}],"wp:term":[{"taxonomy":"product_brand","embeddable":true,"href":"https:\/\/ensiturva.fi\/index.php\/wp-json\/wp\/v2\/product_brand?post=25171"},{"taxonomy":"product_cat","embeddable":true,"href":"https:\/\/ensiturva.fi\/index.php\/wp-json\/wp\/v2\/product_cat?post=25171"},{"taxonomy":"product_tag","embeddable":true,"href":"https:\/\/ensiturva.fi\/index.php\/wp-json\/wp\/v2\/product_tag?post=25171"}],"curies":[{"name":"wp","href":"https:\/\/api.w.org\/{rel}","templated":true}]}}