{"id":25172,"date":"2025-01-16T11:20:58","date_gmt":"2025-01-16T08:20:58","guid":{"rendered":"https:\/\/ensiturva.fi\/index.php\/product\/vyokotelo-50ml-diphoterine-nahka\/"},"modified":"2026-03-26T14:29:01","modified_gmt":"2026-03-26T11:29:01","slug":"vyokotelo-50ml-diphoterine-nahka","status":"publish","type":"product","link":"https:\/\/ensiturva.fi\/index.php\/product\/vyokotelo-50ml-diphoterine-nahka\/","title":{"rendered":"Nahkakotelo 50ml diphoterine"},"content":{"rendered":"<p>Uudelleenmuotoiltu nahkakotelo Diphoterine\u00ae 50 ml SIEW -suihkepullolle, jossa on klipsikiinnitys. Kiinnitett\u00e4viss\u00e4 helposti vy\u00f6h\u00f6n tai taskuun. Diphoterine\u00ae SIEW (50 ml) ei sis\u00e4lly pakkaukseen.<\/p>\n","protected":false},"excerpt":{"rendered":"<p>Uudelleenmuotoiltu nahkakotelo Diphoterine\u00ae 50 ml SIEW -suihkepullolle, jossa on klipsikiinnitys. Kiinnitett\u00e4viss\u00e4 helposti vy\u00f6h\u00f6n tai taskuun. Diphoterine\u00ae SIEW (50 ml) ei sis\u00e4lly pakkaukseen.<\/p>\n","protected":false},"featured_media":25132,"template":"","meta":{"_et_pb_use_builder":"","_et_pb_old_content":"","_et_gb_content_width":""},"product_brand":[],"product_cat":[43],"product_tag":[68],"class_list":{"0":"post-25172","1":"product","2":"type-product","3":"status-publish","4":"has-post-thumbnail","6":"product_cat-oheistuotteet","7":"product_tag-vykotelo","9":"first","10":"instock","11":"taxable","12":"shipping-taxable","13":"purchasable","14":"product-type-simple"},"tiered_pricing_type":"fixed","tiered_pricing_fixed_rules":[],"tiered_pricing_product_settings":{"layout":"default","base_unit_name":{"singular":null,"plural":null},"default_variation":null},"tiered_pricing_minimum_quantity":null,"tiered_pricing_roles_data":[],"tiered_pricing_percentage_rules":[],"_links":{"self":[{"href":"https:\/\/ensiturva.fi\/index.php\/wp-json\/wp\/v2\/product\/25172","targetHints":{"allow":["GET"]}}],"collection":[{"href":"https:\/\/ensiturva.fi\/index.php\/wp-json\/wp\/v2\/product"}],"about":[{"href":"https:\/\/ensiturva.fi\/index.php\/wp-json\/wp\/v2\/types\/product"}],"wp:featuredmedia":[{"embeddable":true,"href":"https:\/\/ensiturva.fi\/index.php\/wp-json\/wp\/v2\/media\/25132"}],"wp:attachment":[{"href":"https:\/\/ensiturva.fi\/index.php\/wp-json\/wp\/v2\/media?parent=25172"}],"wp:term":[{"taxonomy":"product_brand","embeddable":true,"href":"https:\/\/ensiturva.fi\/index.php\/wp-json\/wp\/v2\/product_brand?post=25172"},{"taxonomy":"product_cat","embeddable":true,"href":"https:\/\/ensiturva.fi\/index.php\/wp-json\/wp\/v2\/product_cat?post=25172"},{"taxonomy":"product_tag","embeddable":true,"href":"https:\/\/ensiturva.fi\/index.php\/wp-json\/wp\/v2\/product_tag?post=25172"}],"curies":[{"name":"wp","href":"https:\/\/api.w.org\/{rel}","templated":true}]}}