{"id":25175,"date":"2025-01-16T11:21:00","date_gmt":"2025-01-16T08:21:00","guid":{"rendered":"https:\/\/ensiturva.fi\/index.php\/product\/vyokotelo-500ml-diphoterine\/"},"modified":"2026-03-26T14:28:41","modified_gmt":"2026-03-26T11:28:41","slug":"vyokotelo-500ml-diphoterine","status":"publish","type":"product","link":"https:\/\/ensiturva.fi\/index.php\/product\/vyokotelo-500ml-diphoterine\/","title":{"rendered":"Vy\u00f6kotelo 500ml diphoterine"},"content":{"rendered":"<p>Vy\u00f6t\u00e4r\u00f6laukku 500 ml on yhdistetty vy\u00f6- tai olkalaukku Diphoterine-tuotteille. Laukkua voidaan k\u00e4ytt\u00e4\u00e4 sek\u00e4 500 ml pullolle ett\u00e4 500 ml pussille. Mukana kantohihna.<\/p>\n","protected":false},"excerpt":{"rendered":"<p>Vy\u00f6t\u00e4r\u00f6laukku 500 ml on yhdistetty vy\u00f6- tai olkalaukku Diphoterine-tuotteille. Laukkua voidaan k\u00e4ytt\u00e4\u00e4 sek\u00e4 500 ml pullolle ett\u00e4 500 ml pussille. Mukana kantohihna.<\/p>\n","protected":false},"featured_media":25135,"template":"","meta":{"_et_pb_use_builder":"","_et_pb_old_content":"","_et_gb_content_width":""},"product_brand":[],"product_cat":[43],"product_tag":[68],"class_list":{"0":"post-25175","1":"product","2":"type-product","3":"status-publish","4":"has-post-thumbnail","6":"product_cat-oheistuotteet","7":"product_tag-vykotelo","9":"first","10":"instock","11":"taxable","12":"shipping-taxable","13":"purchasable","14":"product-type-simple"},"tiered_pricing_type":"fixed","tiered_pricing_fixed_rules":[],"tiered_pricing_product_settings":{"layout":"default","base_unit_name":{"singular":null,"plural":null},"default_variation":null},"tiered_pricing_minimum_quantity":null,"tiered_pricing_roles_data":[],"tiered_pricing_percentage_rules":[],"_links":{"self":[{"href":"https:\/\/ensiturva.fi\/index.php\/wp-json\/wp\/v2\/product\/25175","targetHints":{"allow":["GET"]}}],"collection":[{"href":"https:\/\/ensiturva.fi\/index.php\/wp-json\/wp\/v2\/product"}],"about":[{"href":"https:\/\/ensiturva.fi\/index.php\/wp-json\/wp\/v2\/types\/product"}],"wp:featuredmedia":[{"embeddable":true,"href":"https:\/\/ensiturva.fi\/index.php\/wp-json\/wp\/v2\/media\/25135"}],"wp:attachment":[{"href":"https:\/\/ensiturva.fi\/index.php\/wp-json\/wp\/v2\/media?parent=25175"}],"wp:term":[{"taxonomy":"product_brand","embeddable":true,"href":"https:\/\/ensiturva.fi\/index.php\/wp-json\/wp\/v2\/product_brand?post=25175"},{"taxonomy":"product_cat","embeddable":true,"href":"https:\/\/ensiturva.fi\/index.php\/wp-json\/wp\/v2\/product_cat?post=25175"},{"taxonomy":"product_tag","embeddable":true,"href":"https:\/\/ensiturva.fi\/index.php\/wp-json\/wp\/v2\/product_tag?post=25175"}],"curies":[{"name":"wp","href":"https:\/\/api.w.org\/{rel}","templated":true}]}}