{"id":25182,"date":"2025-01-16T11:21:06","date_gmt":"2025-01-16T08:21:06","guid":{"rendered":"https:\/\/ensiturva.fi\/index.php\/product\/hexafluorine-huuhteluasema-prevor-trivorex\/"},"modified":"2026-03-09T12:48:08","modified_gmt":"2026-03-09T09:48:08","slug":"hexafluorine-huuhteluasema-prevor-trivorex","status":"publish","type":"product","link":"https:\/\/ensiturva.fi\/index.php\/product\/hexafluorine-huuhteluasema-prevor-trivorex\/","title":{"rendered":"Hexafluorine huuhteluasema + Trivorex Prevor"},"content":{"rendered":"<p>Musta EPP-kaappi (laajennettu polypropeeni). Hexafluorine\u00ae huuhteluasema asennetaan sein\u00e4\u00e4n. Sis\u00e4lt\u00f6 on suunniteltu neutraloimaan ja huuhtomaan pois pienet kemikaaliroiskeet koko keholta, erityisesti kasvoilta ja silmist\u00e4. Huuhtelu tulee aloittaa 60 sekunnin kuluessa kemikaaliroiskeesta vahinkojen minimoimiseksi, joten sijoita huuhteluasema l\u00e4helle riskialuetta.<\/p>\n<p>Sis\u00e4lt\u00e4\u00e4 2 kpl Hexafluorine 500ml pulloa ja Trivorex 700g purkin huuhteluaseman telineell\u00e4 (kiinnitet\u00e4\u00e4n huuhteluasemaan).<\/p>\n","protected":false},"excerpt":{"rendered":"<p>Musta EPP-kaappi (laajennettu polypropeeni). Hexafluorine\u00ae huuhteluasema asennetaan sein\u00e4\u00e4n. Sis\u00e4lt\u00f6 on suunniteltu neutraloimaan ja huuhtomaan pois pienet kemikaaliroiskeet koko keholta, erityisesti kasvoilta ja silmist\u00e4. Huuhtelu tulee aloittaa 60 sekunnin kuluessa kemikaaliroiskeesta vahinkojen minimoimiseksi, joten sijoita huuhteluasema l\u00e4helle riskialuetta. Sis\u00e4lt\u00e4\u00e4 2 kpl Hexafluorine 500ml pulloa ja Trivorex 700g purkin huuhteluaseman telineell\u00e4 (kiinnitet\u00e4\u00e4n huuhteluasemaan).<\/p>\n","protected":false},"featured_media":0,"template":"","meta":{"_et_pb_use_builder":"","_et_pb_old_content":"","_et_gb_content_width":""},"product_brand":[],"product_cat":[22,30],"product_tag":[23],"class_list":{"0":"post-25182","1":"product","2":"type-product","3":"status-publish","5":"product_cat-hexafluorine","6":"product_cat-suojakaapit","7":"product_tag-hexafluorine","9":"first","10":"instock","11":"taxable","12":"shipping-taxable","13":"purchasable","14":"product-type-simple"},"tiered_pricing_type":"fixed","tiered_pricing_fixed_rules":{"2":1310,"4":1200,"6":1090,"8":980},"tiered_pricing_product_settings":{"layout":"default","base_unit_name":{"singular":null,"plural":null},"default_variation":null},"tiered_pricing_minimum_quantity":null,"tiered_pricing_roles_data":[],"tiered_pricing_percentage_rules":[],"_links":{"self":[{"href":"https:\/\/ensiturva.fi\/index.php\/wp-json\/wp\/v2\/product\/25182","targetHints":{"allow":["GET"]}}],"collection":[{"href":"https:\/\/ensiturva.fi\/index.php\/wp-json\/wp\/v2\/product"}],"about":[{"href":"https:\/\/ensiturva.fi\/index.php\/wp-json\/wp\/v2\/types\/product"}],"wp:attachment":[{"href":"https:\/\/ensiturva.fi\/index.php\/wp-json\/wp\/v2\/media?parent=25182"}],"wp:term":[{"taxonomy":"product_brand","embeddable":true,"href":"https:\/\/ensiturva.fi\/index.php\/wp-json\/wp\/v2\/product_brand?post=25182"},{"taxonomy":"product_cat","embeddable":true,"href":"https:\/\/ensiturva.fi\/index.php\/wp-json\/wp\/v2\/product_cat?post=25182"},{"taxonomy":"product_tag","embeddable":true,"href":"https:\/\/ensiturva.fi\/index.php\/wp-json\/wp\/v2\/product_tag?post=25182"}],"curies":[{"name":"wp","href":"https:\/\/api.w.org\/{rel}","templated":true}]}}