{"id":25183,"date":"2025-01-16T11:21:07","date_gmt":"2025-01-16T08:21:07","guid":{"rendered":"https:\/\/ensiturva.fi\/index.php\/product\/hexafluorine-huuhteluasema-mcs\/"},"modified":"2026-03-09T12:52:10","modified_gmt":"2026-03-09T09:52:10","slug":"hexafluorine-huuhteluasema-mcs","status":"publish","type":"product","link":"https:\/\/ensiturva.fi\/index.php\/product\/hexafluorine-huuhteluasema-mcs\/","title":{"rendered":"MCS Hexafluorine huuhteluasema sis. C-gel 40g"},"content":{"rendered":"<p>Kannettava, p\u00f6ly-, kosteus- ja likasuojattu huuhteluasema fluorivetyhapolle ja fluoridia sis\u00e4lt\u00e4ville happoseoksille. Sis\u00e4lt\u00e4\u00e4 2 kpl 500 ml Hexafluorine-pulloa ja 1 kpl 40 g kalsiumglukonaattigeeli\u00e4. Mukana sein\u00e4teline ja silm\u00e4suihkukyltti. T\u00e4ytt\u00e4\u00e4 eurooppalaisen standardin EN 15154-3\/4 vaatimukset.<\/p>\n","protected":false},"excerpt":{"rendered":"<p>Kannettava, p\u00f6ly-, kosteus- ja likasuojattu huuhteluasema fluorivetyhapolle ja fluoridia sis\u00e4lt\u00e4ville happoseoksille. Sis\u00e4lt\u00e4\u00e4 2 kpl 500 ml Hexafluorine-pulloa ja 1 kpl 40 g kalsiumglukonaattigeeli\u00e4. Mukana sein\u00e4teline ja silm\u00e4suihkukyltti. T\u00e4ytt\u00e4\u00e4 eurooppalaisen standardin EN 15154-3\/4 vaatimukset.<\/p>\n","protected":false},"featured_media":25206,"template":"","meta":{"_et_pb_use_builder":"","_et_pb_old_content":"","_et_gb_content_width":""},"product_brand":[],"product_cat":[22,30],"product_tag":[23],"class_list":{"0":"post-25183","1":"product","2":"type-product","3":"status-publish","4":"has-post-thumbnail","6":"product_cat-hexafluorine","7":"product_cat-suojakaapit","8":"product_tag-hexafluorine","10":"first","11":"instock","12":"taxable","13":"shipping-taxable","14":"purchasable","15":"product-type-simple"},"tiered_pricing_type":"fixed","tiered_pricing_fixed_rules":{"2":785,"4":710,"6":635,"8":560},"tiered_pricing_product_settings":{"layout":"default","base_unit_name":{"singular":null,"plural":null},"default_variation":null},"tiered_pricing_minimum_quantity":null,"tiered_pricing_roles_data":[],"tiered_pricing_percentage_rules":[],"_links":{"self":[{"href":"https:\/\/ensiturva.fi\/index.php\/wp-json\/wp\/v2\/product\/25183","targetHints":{"allow":["GET"]}}],"collection":[{"href":"https:\/\/ensiturva.fi\/index.php\/wp-json\/wp\/v2\/product"}],"about":[{"href":"https:\/\/ensiturva.fi\/index.php\/wp-json\/wp\/v2\/types\/product"}],"wp:featuredmedia":[{"embeddable":true,"href":"https:\/\/ensiturva.fi\/index.php\/wp-json\/wp\/v2\/media\/25206"}],"wp:attachment":[{"href":"https:\/\/ensiturva.fi\/index.php\/wp-json\/wp\/v2\/media?parent=25183"}],"wp:term":[{"taxonomy":"product_brand","embeddable":true,"href":"https:\/\/ensiturva.fi\/index.php\/wp-json\/wp\/v2\/product_brand?post=25183"},{"taxonomy":"product_cat","embeddable":true,"href":"https:\/\/ensiturva.fi\/index.php\/wp-json\/wp\/v2\/product_cat?post=25183"},{"taxonomy":"product_tag","embeddable":true,"href":"https:\/\/ensiturva.fi\/index.php\/wp-json\/wp\/v2\/product_tag?post=25183"}],"curies":[{"name":"wp","href":"https:\/\/api.w.org\/{rel}","templated":true}]}}