{"id":25185,"date":"2025-01-16T11:21:09","date_gmt":"2025-01-16T08:21:09","guid":{"rendered":"https:\/\/ensiturva.fi\/index.php\/product\/lampokaappi-hexafluorine-mcs\/"},"modified":"2026-03-09T12:49:41","modified_gmt":"2026-03-09T09:49:41","slug":"lampokaappi-hexafluorine-mcs","status":"publish","type":"product","link":"https:\/\/ensiturva.fi\/index.php\/product\/lampokaappi-hexafluorine-mcs\/","title":{"rendered":"Hexafluorine l\u00e4mmin huuhteluasema (230V\/12V)"},"content":{"rendered":"<p>Sein\u00e4\u00e4n kiinnitett\u00e4v\u00e4 l\u00e4mmitett\u00e4v\u00e4 alumiinilaukku, suunniteltu l\u00e4mmitt\u00e4m\u00e4tt\u00f6miin tiloihin tai ulkok\u00e4ytt\u00f6\u00f6n. Asemassa on 2 kpl Hexafluorine\u00ae 500 ml pulloja ja 1 kpl kalsiumglukonaattigeeli\u00e4 (40 g). 12V l\u00e4mmityselementti ja adapteri 230V pistorasiaan. Mukana tulee silm\u00e4suihkukyltti.<\/p>\n","protected":false},"excerpt":{"rendered":"<p>Sein\u00e4\u00e4n kiinnitett\u00e4v\u00e4 l\u00e4mmitett\u00e4v\u00e4 alumiinilaukku, suunniteltu l\u00e4mmitt\u00e4m\u00e4tt\u00f6miin tiloihin tai ulkok\u00e4ytt\u00f6\u00f6n. Asemassa on 2 kpl Hexafluorine\u00ae 500 ml pulloja ja 1 kpl kalsiumglukonaattigeeli\u00e4 (40 g). 12V l\u00e4mmityselementti ja adapteri 230V pistorasiaan. Mukana tulee silm\u00e4suihkukyltti.<\/p>\n","protected":false},"featured_media":25204,"template":"","meta":{"_et_pb_use_builder":"","_et_pb_old_content":"","_et_gb_content_width":""},"product_brand":[],"product_cat":[22,30],"product_tag":[23],"class_list":{"0":"post-25185","1":"product","2":"type-product","3":"status-publish","4":"has-post-thumbnail","6":"product_cat-hexafluorine","7":"product_cat-suojakaapit","8":"product_tag-hexafluorine","10":"first","11":"instock","12":"taxable","13":"shipping-taxable","14":"purchasable","15":"product-type-simple"},"tiered_pricing_type":"fixed","tiered_pricing_fixed_rules":{"2":1270,"4":1150,"6":1030,"8":910},"tiered_pricing_product_settings":{"layout":"default","base_unit_name":{"singular":null,"plural":null},"default_variation":null},"tiered_pricing_minimum_quantity":null,"tiered_pricing_roles_data":[],"tiered_pricing_percentage_rules":[],"_links":{"self":[{"href":"https:\/\/ensiturva.fi\/index.php\/wp-json\/wp\/v2\/product\/25185","targetHints":{"allow":["GET"]}}],"collection":[{"href":"https:\/\/ensiturva.fi\/index.php\/wp-json\/wp\/v2\/product"}],"about":[{"href":"https:\/\/ensiturva.fi\/index.php\/wp-json\/wp\/v2\/types\/product"}],"wp:featuredmedia":[{"embeddable":true,"href":"https:\/\/ensiturva.fi\/index.php\/wp-json\/wp\/v2\/media\/25204"}],"wp:attachment":[{"href":"https:\/\/ensiturva.fi\/index.php\/wp-json\/wp\/v2\/media?parent=25185"}],"wp:term":[{"taxonomy":"product_brand","embeddable":true,"href":"https:\/\/ensiturva.fi\/index.php\/wp-json\/wp\/v2\/product_brand?post=25185"},{"taxonomy":"product_cat","embeddable":true,"href":"https:\/\/ensiturva.fi\/index.php\/wp-json\/wp\/v2\/product_cat?post=25185"},{"taxonomy":"product_tag","embeddable":true,"href":"https:\/\/ensiturva.fi\/index.php\/wp-json\/wp\/v2\/product_tag?post=25185"}],"curies":[{"name":"wp","href":"https:\/\/api.w.org\/{rel}","templated":true}]}}