{"id":25186,"date":"2025-01-16T11:21:10","date_gmt":"2025-01-16T08:21:10","guid":{"rendered":"https:\/\/ensiturva.fi\/index.php\/product\/diphoterine-huuhteluasema-trivorex-prevor\/"},"modified":"2026-03-09T12:43:02","modified_gmt":"2026-03-09T09:43:02","slug":"diphoterine-huuhteluasema-trivorex-prevor","status":"publish","type":"product","link":"https:\/\/ensiturva.fi\/index.php\/product\/diphoterine-huuhteluasema-trivorex-prevor\/","title":{"rendered":"Diphoterine huuhteluasema + Trivorex Prevor"},"content":{"rendered":"<p>Oranssi EPP-kaappi (laajennettu polypropeeni). Diphoterine\u00ae huuhteluasema asennetaan sein\u00e4\u00e4n. Sis\u00e4lt\u00f6 on suunniteltu neutraloimaan ja huuhtomaan pois pienet kemikaaliroiskeet koko keholta, erityisesti kasvoilta ja silmist\u00e4. Huuhtelu tulee aloittaa 60 sekunnin kuluessa kemikaaliroiskeesta vahinkojen minimoimiseksi, joten sijoita huuhteluasema l\u00e4helle riskialuetta.<\/p>\n<p>Sis\u00e4lt\u00e4\u00e4 2 kpl Diphoterine 500ml pulloa, 1 kpl Diphoterine Mini 200ml spray sek\u00e4 Trivorex 700g purkin huuhteluaseman telineell\u00e4 (kiinnitet\u00e4\u00e4n huuhteluasemaan).<\/p>\n","protected":false},"excerpt":{"rendered":"<p>Oranssi EPP-kaappi (laajennettu polypropeeni). Diphoterine\u00ae huuhteluasema asennetaan sein\u00e4\u00e4n. Sis\u00e4lt\u00f6 on suunniteltu neutraloimaan ja huuhtomaan pois pienet kemikaaliroiskeet koko keholta, erityisesti kasvoilta ja silmist\u00e4. Huuhtelu tulee aloittaa 60 sekunnin kuluessa kemikaaliroiskeesta vahinkojen minimoimiseksi, joten sijoita huuhteluasema l\u00e4helle riskialuetta. Sis\u00e4lt\u00e4\u00e4 2 kpl Diphoterine 500ml pulloa, 1 kpl Diphoterine Mini 200ml spray sek\u00e4 Trivorex 700g purkin huuhteluaseman telineell\u00e4 [&hellip;]<\/p>\n","protected":false},"featured_media":25203,"template":"","meta":{"_et_pb_use_builder":"","_et_pb_old_content":"","_et_gb_content_width":""},"product_brand":[],"product_cat":[18,30],"product_tag":[19],"class_list":{"0":"post-25186","1":"product","2":"type-product","3":"status-publish","4":"has-post-thumbnail","6":"product_cat-diphoterine","7":"product_cat-suojakaapit","8":"product_tag-diphoterine","10":"first","11":"instock","12":"taxable","13":"shipping-taxable","14":"purchasable","15":"product-type-simple"},"tiered_pricing_type":"fixed","tiered_pricing_fixed_rules":{"2":1165,"4":1075,"6":990,"8":900},"tiered_pricing_product_settings":{"layout":"default","base_unit_name":{"singular":null,"plural":null},"default_variation":null},"tiered_pricing_minimum_quantity":null,"tiered_pricing_roles_data":[],"tiered_pricing_percentage_rules":[],"_links":{"self":[{"href":"https:\/\/ensiturva.fi\/index.php\/wp-json\/wp\/v2\/product\/25186","targetHints":{"allow":["GET"]}}],"collection":[{"href":"https:\/\/ensiturva.fi\/index.php\/wp-json\/wp\/v2\/product"}],"about":[{"href":"https:\/\/ensiturva.fi\/index.php\/wp-json\/wp\/v2\/types\/product"}],"wp:featuredmedia":[{"embeddable":true,"href":"https:\/\/ensiturva.fi\/index.php\/wp-json\/wp\/v2\/media\/25203"}],"wp:attachment":[{"href":"https:\/\/ensiturva.fi\/index.php\/wp-json\/wp\/v2\/media?parent=25186"}],"wp:term":[{"taxonomy":"product_brand","embeddable":true,"href":"https:\/\/ensiturva.fi\/index.php\/wp-json\/wp\/v2\/product_brand?post=25186"},{"taxonomy":"product_cat","embeddable":true,"href":"https:\/\/ensiturva.fi\/index.php\/wp-json\/wp\/v2\/product_cat?post=25186"},{"taxonomy":"product_tag","embeddable":true,"href":"https:\/\/ensiturva.fi\/index.php\/wp-json\/wp\/v2\/product_tag?post=25186"}],"curies":[{"name":"wp","href":"https:\/\/api.w.org\/{rel}","templated":true}]}}