{"id":25187,"date":"2025-01-16T11:21:11","date_gmt":"2025-01-16T08:21:11","guid":{"rendered":"https:\/\/ensiturva.fi\/index.php\/product\/diphoterine-huuhteluasema-mcs\/"},"modified":"2026-03-09T12:42:07","modified_gmt":"2026-03-09T09:42:07","slug":"diphoterine-huuhteluasema-mcs","status":"publish","type":"product","link":"https:\/\/ensiturva.fi\/index.php\/product\/diphoterine-huuhteluasema-mcs\/","title":{"rendered":"Diphoterine huuhteluasema"},"content":{"rendered":"<p><strong>Silmien- ja h\u00e4t\u00e4suihkupiste. Diphoterine kemikaaleja vastaan.<\/strong><br \/>\nKannettava, p\u00f6ly-, kosteus- ja likasuojattu huuhteluasema silmille ja iholle kemikaaleja vastaan. Diphoterine neutraloi hapot, em\u00e4kset (alkalit), hapettimet, pelkistimet, kelatoivat aineet ja liuottimet. Sis\u00e4lt\u00e4\u00e4 2 kpl Diphoterine 500 ml pulloa ja 2 kpl Diphoterine Mini -suihkepulloa (200 ml). Mukana sein\u00e4teline ja silm\u00e4suihkukyltti. T\u00e4ytt\u00e4\u00e4 EN 15154-3\/4-vaatimukset.<\/p>\n","protected":false},"excerpt":{"rendered":"<p>Silmien- ja h\u00e4t\u00e4suihkupiste. Diphoterine kemikaaleja vastaan. Kannettava, p\u00f6ly-, kosteus- ja likasuojattu huuhteluasema silmille ja iholle kemikaaleja vastaan. Diphoterine neutraloi hapot, em\u00e4kset (alkalit), hapettimet, pelkistimet, kelatoivat aineet ja liuottimet. Sis\u00e4lt\u00e4\u00e4 2 kpl Diphoterine 500 ml pulloa ja 2 kpl Diphoterine Mini -suihkepulloa (200 ml). Mukana sein\u00e4teline ja silm\u00e4suihkukyltti. T\u00e4ytt\u00e4\u00e4 EN 15154-3\/4-vaatimukset.<\/p>\n","protected":false},"featured_media":25201,"template":"","meta":{"_et_pb_use_builder":"","_et_pb_old_content":"","_et_gb_content_width":""},"product_brand":[],"product_cat":[18,30],"product_tag":[19],"class_list":{"0":"post-25187","1":"product","2":"type-product","3":"status-publish","4":"has-post-thumbnail","6":"product_cat-diphoterine","7":"product_cat-suojakaapit","8":"product_tag-diphoterine","10":"first","11":"instock","12":"taxable","13":"shipping-taxable","14":"purchasable","15":"product-type-simple"},"tiered_pricing_type":"fixed","tiered_pricing_fixed_rules":{"2":833,"4":755,"6":678,"8":600},"tiered_pricing_product_settings":{"layout":"default","base_unit_name":{"singular":null,"plural":null},"default_variation":null},"tiered_pricing_minimum_quantity":null,"tiered_pricing_roles_data":[],"tiered_pricing_percentage_rules":[],"_links":{"self":[{"href":"https:\/\/ensiturva.fi\/index.php\/wp-json\/wp\/v2\/product\/25187","targetHints":{"allow":["GET"]}}],"collection":[{"href":"https:\/\/ensiturva.fi\/index.php\/wp-json\/wp\/v2\/product"}],"about":[{"href":"https:\/\/ensiturva.fi\/index.php\/wp-json\/wp\/v2\/types\/product"}],"wp:featuredmedia":[{"embeddable":true,"href":"https:\/\/ensiturva.fi\/index.php\/wp-json\/wp\/v2\/media\/25201"}],"wp:attachment":[{"href":"https:\/\/ensiturva.fi\/index.php\/wp-json\/wp\/v2\/media?parent=25187"}],"wp:term":[{"taxonomy":"product_brand","embeddable":true,"href":"https:\/\/ensiturva.fi\/index.php\/wp-json\/wp\/v2\/product_brand?post=25187"},{"taxonomy":"product_cat","embeddable":true,"href":"https:\/\/ensiturva.fi\/index.php\/wp-json\/wp\/v2\/product_cat?post=25187"},{"taxonomy":"product_tag","embeddable":true,"href":"https:\/\/ensiturva.fi\/index.php\/wp-json\/wp\/v2\/product_tag?post=25187"}],"curies":[{"name":"wp","href":"https:\/\/api.w.org\/{rel}","templated":true}]}}