{"id":25188,"date":"2025-01-16T11:21:12","date_gmt":"2025-01-16T08:21:12","guid":{"rendered":"https:\/\/ensiturva.fi\/index.php\/product\/diphoterine-huuhteluasema-plus-prevor\/"},"modified":"2026-03-04T13:44:57","modified_gmt":"2026-03-04T10:44:57","slug":"diphoterine-huuhteluasema-plus-prevor","status":"publish","type":"product","link":"https:\/\/ensiturva.fi\/index.php\/product\/diphoterine-huuhteluasema-plus-prevor\/","title":{"rendered":"Diphoterine huuhteluasema Plus Prevor"},"content":{"rendered":"<p>Diphoterine\u00ae huuhteluasema Plus asennetaan sein\u00e4\u00e4n. Sis\u00e4lt\u00f6 on suunniteltu neutraloimaan ja huuhtomaan pois pienet kemikaaliroiskeet koko keholta, erityisesti kasvoilta ja silmist\u00e4. Huuhtelu tulee aloittaa 60 sekunnin kuluessa kemikaaliroiskeesta vahinkojen minimoimiseksi, joten sijoita huuhteluasema l\u00e4helle riskialuetta.<\/p>\n<p>Sis\u00e4lt\u00e4\u00e4 2 kpl Diphoterine 500ml pulloa ja 2 kpl Diphoterine Mini 200ml spray:n.<\/p>\n","protected":false},"excerpt":{"rendered":"<p>Diphoterine\u00ae huuhteluasema Plus asennetaan sein\u00e4\u00e4n. Sis\u00e4lt\u00f6 on suunniteltu neutraloimaan ja huuhtomaan pois pienet kemikaaliroiskeet koko keholta, erityisesti kasvoilta ja silmist\u00e4. Huuhtelu tulee aloittaa 60 sekunnin kuluessa kemikaaliroiskeesta vahinkojen minimoimiseksi, joten sijoita huuhteluasema l\u00e4helle riskialuetta. Sis\u00e4lt\u00e4\u00e4 2 kpl Diphoterine 500ml pulloa ja 2 kpl Diphoterine Mini 200ml spray:n.<\/p>\n","protected":false},"featured_media":25200,"template":"","meta":{"_et_pb_use_builder":"","_et_pb_old_content":"","_et_gb_content_width":""},"product_brand":[],"product_cat":[18,30],"product_tag":[19],"class_list":{"0":"post-25188","1":"product","2":"type-product","3":"status-publish","4":"has-post-thumbnail","6":"product_cat-diphoterine","7":"product_cat-suojakaapit","8":"product_tag-diphoterine","10":"first","11":"instock","12":"taxable","13":"shipping-taxable","14":"purchasable","15":"product-type-simple"},"tiered_pricing_type":"fixed","tiered_pricing_fixed_rules":{"2":1120,"4":1050,"6":930,"8":835},"tiered_pricing_product_settings":{"layout":"default","base_unit_name":{"singular":null,"plural":null},"default_variation":null},"tiered_pricing_minimum_quantity":null,"tiered_pricing_roles_data":[],"tiered_pricing_percentage_rules":[],"_links":{"self":[{"href":"https:\/\/ensiturva.fi\/index.php\/wp-json\/wp\/v2\/product\/25188","targetHints":{"allow":["GET"]}}],"collection":[{"href":"https:\/\/ensiturva.fi\/index.php\/wp-json\/wp\/v2\/product"}],"about":[{"href":"https:\/\/ensiturva.fi\/index.php\/wp-json\/wp\/v2\/types\/product"}],"wp:featuredmedia":[{"embeddable":true,"href":"https:\/\/ensiturva.fi\/index.php\/wp-json\/wp\/v2\/media\/25200"}],"wp:attachment":[{"href":"https:\/\/ensiturva.fi\/index.php\/wp-json\/wp\/v2\/media?parent=25188"}],"wp:term":[{"taxonomy":"product_brand","embeddable":true,"href":"https:\/\/ensiturva.fi\/index.php\/wp-json\/wp\/v2\/product_brand?post=25188"},{"taxonomy":"product_cat","embeddable":true,"href":"https:\/\/ensiturva.fi\/index.php\/wp-json\/wp\/v2\/product_cat?post=25188"},{"taxonomy":"product_tag","embeddable":true,"href":"https:\/\/ensiturva.fi\/index.php\/wp-json\/wp\/v2\/product_tag?post=25188"}],"curies":[{"name":"wp","href":"https:\/\/api.w.org\/{rel}","templated":true}]}}