{"id":25189,"date":"2025-01-16T11:21:22","date_gmt":"2025-01-16T08:21:22","guid":{"rendered":"https:\/\/ensiturva.fi\/index.php\/product\/diphoterine-lammin-huuhteluasema-prevor\/"},"modified":"2026-03-04T13:43:37","modified_gmt":"2026-03-04T10:43:37","slug":"diphoterine-lammin-huuhteluasema-prevor","status":"publish","type":"product","link":"https:\/\/ensiturva.fi\/index.php\/product\/diphoterine-lammin-huuhteluasema-prevor\/","title":{"rendered":"Diphoterine l\u00e4mmin huuhteluasema (230V\/12V) Prevor"},"content":{"rendered":"<p>Sis\u00e4lt\u00e4\u00e4 2 kpl Diphoterine 500ml pulloa ja 1 kpl Diphoterine mini 200ml spray:n. L\u00e4mp\u00f6yksik\u00f6ll\u00e4 varustettu.<\/p>\n","protected":false},"excerpt":{"rendered":"<p>Sis\u00e4lt\u00e4\u00e4 2 kpl Diphoterine 500ml pulloa ja 1 kpl Diphoterine mini 200ml spray:n. L\u00e4mp\u00f6yksik\u00f6ll\u00e4 varustettu.<\/p>\n","protected":false},"featured_media":25258,"template":"","meta":{"_et_pb_use_builder":"","_et_pb_old_content":"","_et_gb_content_width":""},"product_brand":[],"product_cat":[18,30],"product_tag":[19],"class_list":{"0":"post-25189","1":"product","2":"type-product","3":"status-publish","4":"has-post-thumbnail","6":"product_cat-diphoterine","7":"product_cat-suojakaapit","8":"product_tag-diphoterine","10":"first","11":"instock","12":"taxable","13":"shipping-taxable","14":"purchasable","15":"product-type-simple"},"tiered_pricing_type":"fixed","tiered_pricing_fixed_rules":{"2":1810,"4":1640,"6":1470,"8":1300},"tiered_pricing_product_settings":{"layout":"default","base_unit_name":{"singular":null,"plural":null},"default_variation":null},"tiered_pricing_minimum_quantity":null,"tiered_pricing_roles_data":[],"tiered_pricing_percentage_rules":[],"_links":{"self":[{"href":"https:\/\/ensiturva.fi\/index.php\/wp-json\/wp\/v2\/product\/25189","targetHints":{"allow":["GET"]}}],"collection":[{"href":"https:\/\/ensiturva.fi\/index.php\/wp-json\/wp\/v2\/product"}],"about":[{"href":"https:\/\/ensiturva.fi\/index.php\/wp-json\/wp\/v2\/types\/product"}],"wp:featuredmedia":[{"embeddable":true,"href":"https:\/\/ensiturva.fi\/index.php\/wp-json\/wp\/v2\/media\/25258"}],"wp:attachment":[{"href":"https:\/\/ensiturva.fi\/index.php\/wp-json\/wp\/v2\/media?parent=25189"}],"wp:term":[{"taxonomy":"product_brand","embeddable":true,"href":"https:\/\/ensiturva.fi\/index.php\/wp-json\/wp\/v2\/product_brand?post=25189"},{"taxonomy":"product_cat","embeddable":true,"href":"https:\/\/ensiturva.fi\/index.php\/wp-json\/wp\/v2\/product_cat?post=25189"},{"taxonomy":"product_tag","embeddable":true,"href":"https:\/\/ensiturva.fi\/index.php\/wp-json\/wp\/v2\/product_tag?post=25189"}],"curies":[{"name":"wp","href":"https:\/\/api.w.org\/{rel}","templated":true}]}}