{"id":25190,"date":"2025-01-16T11:21:24","date_gmt":"2025-01-16T08:21:24","guid":{"rendered":"https:\/\/ensiturva.fi\/index.php\/product\/latausasema-diphoterine-mcs\/"},"modified":"2026-03-04T13:42:42","modified_gmt":"2026-03-04T10:42:42","slug":"latausasema-diphoterine-mcs","status":"publish","type":"product","link":"https:\/\/ensiturva.fi\/index.php\/product\/latausasema-diphoterine-mcs\/","title":{"rendered":"MCS Latausasema Diphoterine"},"content":{"rendered":"<p>P\u00f6ly-, kosteus- ja likasuojattu latausasemakaappi, joka neutraloi akkujen sis\u00e4lt\u00e4m\u00e4n hapon. Sis\u00e4lt\u00e4\u00e4 2 kpl 500 ml Diphoterine-pulloa, 1 parin suojalaseja ja 1 laatikon kemikaalisuojak\u00e4sineit\u00e4. Mukana sein\u00e4teline ja silm\u00e4suihkukyltti. T\u00e4ytt\u00e4\u00e4 EN 15154-3\/4-vaatimukset. Saatavana my\u00f6s l\u00e4mmityskaappina.<\/p>\n","protected":false},"excerpt":{"rendered":"<p>P\u00f6ly-, kosteus- ja likasuojattu latausasemakaappi, joka neutraloi akkujen sis\u00e4lt\u00e4m\u00e4n hapon. Sis\u00e4lt\u00e4\u00e4 2 kpl 500 ml Diphoterine-pulloa, 1 parin suojalaseja ja 1 laatikon kemikaalisuojak\u00e4sineit\u00e4. Mukana sein\u00e4teline ja silm\u00e4suihkukyltti. T\u00e4ytt\u00e4\u00e4 EN 15154-3\/4-vaatimukset. Saatavana my\u00f6s l\u00e4mmityskaappina.<\/p>\n","protected":false},"featured_media":25199,"template":"","meta":{"_et_pb_use_builder":"","_et_pb_old_content":"","_et_gb_content_width":""},"product_brand":[],"product_cat":[18,30],"product_tag":[19],"class_list":{"0":"post-25190","1":"product","2":"type-product","3":"status-publish","4":"has-post-thumbnail","6":"product_cat-diphoterine","7":"product_cat-suojakaapit","8":"product_tag-diphoterine","10":"first","11":"instock","12":"taxable","13":"shipping-taxable","14":"purchasable","15":"product-type-simple"},"tiered_pricing_type":"fixed","tiered_pricing_fixed_rules":{"2":630,"4":570,"6":510,"8":450},"tiered_pricing_product_settings":{"layout":"default","base_unit_name":{"singular":null,"plural":null},"default_variation":null},"tiered_pricing_minimum_quantity":null,"tiered_pricing_roles_data":[],"tiered_pricing_percentage_rules":[],"_links":{"self":[{"href":"https:\/\/ensiturva.fi\/index.php\/wp-json\/wp\/v2\/product\/25190","targetHints":{"allow":["GET"]}}],"collection":[{"href":"https:\/\/ensiturva.fi\/index.php\/wp-json\/wp\/v2\/product"}],"about":[{"href":"https:\/\/ensiturva.fi\/index.php\/wp-json\/wp\/v2\/types\/product"}],"wp:featuredmedia":[{"embeddable":true,"href":"https:\/\/ensiturva.fi\/index.php\/wp-json\/wp\/v2\/media\/25199"}],"wp:attachment":[{"href":"https:\/\/ensiturva.fi\/index.php\/wp-json\/wp\/v2\/media?parent=25190"}],"wp:term":[{"taxonomy":"product_brand","embeddable":true,"href":"https:\/\/ensiturva.fi\/index.php\/wp-json\/wp\/v2\/product_brand?post=25190"},{"taxonomy":"product_cat","embeddable":true,"href":"https:\/\/ensiturva.fi\/index.php\/wp-json\/wp\/v2\/product_cat?post=25190"},{"taxonomy":"product_tag","embeddable":true,"href":"https:\/\/ensiturva.fi\/index.php\/wp-json\/wp\/v2\/product_tag?post=25190"}],"curies":[{"name":"wp","href":"https:\/\/api.w.org\/{rel}","templated":true}]}}