{"id":25192,"date":"2025-01-16T11:21:29","date_gmt":"2025-01-16T08:21:29","guid":{"rendered":"https:\/\/ensiturva.fi\/index.php\/product\/lampolatauskaappi-diphoterine\/"},"modified":"2026-03-10T11:30:29","modified_gmt":"2026-03-10T08:30:29","slug":"lampolatauskaappi-diphoterine","status":"publish","type":"product","link":"https:\/\/ensiturva.fi\/index.php\/product\/lampolatauskaappi-diphoterine\/","title":{"rendered":"L\u00e4mp\u00f6latausasema Diphoterine"},"content":{"rendered":"<p>P\u00f6lylt\u00e4, kosteudelta ja lialta suojattu l\u00e4mp\u00f6latausasema, joka neutraloi akkujen sis\u00e4lt\u00e4m\u00e4n hapon. Sis\u00e4lt\u00e4\u00e4 2 kpl 500 ml Diphoterine-pulloja, 1 paria suojalaseja ja 1 laatikollisen kemikaaleilta suojaavia k\u00e4sineit\u00e4. Mukana my\u00f6s sein\u00e4teline ja silm\u00e4nhuuhtelukyltti. T\u00e4ytt\u00e4\u00e4 EN 15154-3\/4 -standardin vaatimukset.<\/p>\n<p>L\u00e4mmityselementill\u00e4. Sis\u00e4lt\u00e4\u00e4 2x 500ml Diphoterine &amp; 1 x 200ml Diphoterine<\/p>\n","protected":false},"excerpt":{"rendered":"<p>P\u00f6lylt\u00e4, kosteudelta ja lialta suojattu l\u00e4mp\u00f6latausasema, joka neutraloi akkujen sis\u00e4lt\u00e4m\u00e4n hapon. Sis\u00e4lt\u00e4\u00e4 2 kpl 500 ml Diphoterine-pulloja, 1 paria suojalaseja ja 1 laatikollisen kemikaaleilta suojaavia k\u00e4sineit\u00e4. Mukana my\u00f6s sein\u00e4teline ja silm\u00e4nhuuhtelukyltti. T\u00e4ytt\u00e4\u00e4 EN 15154-3\/4 -standardin vaatimukset. L\u00e4mmityselementill\u00e4. Sis\u00e4lt\u00e4\u00e4 2x 500ml Diphoterine &amp; 1 x 200ml Diphoterine<\/p>\n","protected":false},"featured_media":0,"template":"","meta":{"_et_pb_use_builder":"","_et_pb_old_content":"","_et_gb_content_width":""},"product_brand":[],"product_cat":[18,30],"product_tag":[19],"class_list":{"0":"post-25192","1":"product","2":"type-product","3":"status-publish","5":"product_cat-diphoterine","6":"product_cat-suojakaapit","7":"product_tag-diphoterine","9":"first","10":"instock","11":"taxable","12":"shipping-taxable","13":"purchasable","14":"product-type-simple"},"tiered_pricing_type":"fixed","tiered_pricing_fixed_rules":{"2":1300,"4":1160,"6":1040,"8":920},"tiered_pricing_product_settings":{"layout":"default","base_unit_name":{"singular":null,"plural":null},"default_variation":null},"tiered_pricing_minimum_quantity":null,"tiered_pricing_roles_data":[],"tiered_pricing_percentage_rules":[],"_links":{"self":[{"href":"https:\/\/ensiturva.fi\/index.php\/wp-json\/wp\/v2\/product\/25192","targetHints":{"allow":["GET"]}}],"collection":[{"href":"https:\/\/ensiturva.fi\/index.php\/wp-json\/wp\/v2\/product"}],"about":[{"href":"https:\/\/ensiturva.fi\/index.php\/wp-json\/wp\/v2\/types\/product"}],"wp:attachment":[{"href":"https:\/\/ensiturva.fi\/index.php\/wp-json\/wp\/v2\/media?parent=25192"}],"wp:term":[{"taxonomy":"product_brand","embeddable":true,"href":"https:\/\/ensiturva.fi\/index.php\/wp-json\/wp\/v2\/product_brand?post=25192"},{"taxonomy":"product_cat","embeddable":true,"href":"https:\/\/ensiturva.fi\/index.php\/wp-json\/wp\/v2\/product_cat?post=25192"},{"taxonomy":"product_tag","embeddable":true,"href":"https:\/\/ensiturva.fi\/index.php\/wp-json\/wp\/v2\/product_tag?post=25192"}],"curies":[{"name":"wp","href":"https:\/\/api.w.org\/{rel}","templated":true}]}}